{"id":1016,"date":"2019-06-03T08:30:38","date_gmt":"2019-06-03T12:30:38","guid":{"rendered":"https:\/\/indoor-air-quality-ottawa.local\/tests-de-fumee\/"},"modified":"2026-01-02T15:25:59","modified_gmt":"2026-01-02T20:25:59","slug":"tests-de-fumee","status":"publish","type":"page","link":"https:\/\/indoorairqualityottawa.ca\/fr\/tests-de-fumee\/","title":{"rendered":"Tests de fum\u00e9e"},"content":{"rendered":"<p><div class=\"fusion-fullwidth fullwidth-box fusion-builder-row-1 nonhundred-percent-fullwidth non-hundred-percent-height-scrolling\" style=\"--awb-border-radius-top-left:0px;--awb-border-radius-top-right:0px;--awb-border-radius-bottom-right:0px;--awb-border-radius-bottom-left:0px;--awb-padding-top:20px;--awb-padding-bottom:0px;--awb-flex-wrap:wrap;\" ><div class=\"fusion-builder-row fusion-row\"><div class=\"fusion-layout-column fusion_builder_column fusion-builder-column-0 fusion_builder_column_1_1 1_1 fusion-one-full fusion-column-first fusion-column-last\" style=\"--awb-bg-size:cover;\"><div class=\"fusion-column-wrapper fusion-flex-column-wrapper-legacy\"><div class=\"fusion-title title fusion-title-1 fusion-sep-none fusion-title-center fusion-title-text fusion-title-size-two\" style=\"--awb-margin-top-small:10px;--awb-margin-right-small:0px;--awb-margin-bottom-small:10px;--awb-margin-left-small:0px;\"><h2 class=\"fusion-title-heading title-heading-center fusion-responsive-typography-calculated\" style=\"margin:0;--fontSize:24;line-height:1.5;\">De myst\u00e9rieuses odeurs d\u2019\u00e9gout?<\/h2><\/div><div class=\"fusion-text fusion-text-1\"><p style=\"text-align: center;\">De myst\u00e9rieuses odeurs d\u2019\u00e9gout?<\/p>\n<p style=\"text-align: center;\">Une suspicion de fuites dans la plomberie qui seraient \u00e0 la source de probl\u00e8mes de qualit\u00e9 de l\u2019air?<\/p>\n<p style=\"text-align: center;\">Indoor Air Quality Ottawa propose des services complets de test de fum\u00e9e dans les conduites et la tuyauterie.<\/p>\n<p style=\"text-align: center;\">Nous rep\u00e9rons rapidement les fuites cach\u00e9es dans la plomberie ou dans le syst\u00e8me de CVCA.<\/p>\n<p style=\"text-align: center;\">Notre devise est&nbsp;<strong><span style=\"color: #3cb371; font-size: 1.3em;\">\u00ab la seule chose que nous vendons, ce sont de bons conseils! \u00bb<\/span><\/strong>.<\/p>\n<p style=\"text-align: center;\">Assurez-vous d\u2019offrir \u00e0 votre famille et \u00e0 vos collaborateurs un environnement sans danger.<\/p>\n<\/div><div class=\"fusion-clearfix\"><\/div><\/div><\/div><\/div><\/div><div class=\"fusion-fullwidth fullwidth-box fusion-builder-row-2 nonhundred-percent-fullwidth non-hundred-percent-height-scrolling\" style=\"--awb-border-radius-top-left:0px;--awb-border-radius-top-right:0px;--awb-border-radius-bottom-right:0px;--awb-border-radius-bottom-left:0px;--awb-padding-top:0px;--awb-padding-bottom:3%;--awb-flex-wrap:wrap;\" ><div class=\"fusion-builder-row fusion-row\"><div class=\"fusion-layout-column fusion_builder_column fusion-builder-column-1 fusion_builder_column_1_2 1_2 fusion-one-half fusion-column-first smoke-testing\" style=\"--awb-bg-size:cover;width:50%;width:calc(50% - ( ( 4% ) * 0.5 ) );margin-right: 4%;\"><div class=\"fusion-column-wrapper fusion-flex-column-wrapper-legacy\"><div class=\"fusion-image-element fusion-image-align-right in-legacy-container\" style=\"text-align:right;--awb-caption-title-font-family:var(--h2_typography-font-family);--awb-caption-title-font-weight:var(--h2_typography-font-weight);--awb-caption-title-font-style:var(--h2_typography-font-style);--awb-caption-title-size:var(--h2_typography-font-size);--awb-caption-title-transform:var(--h2_typography-text-transform);--awb-caption-title-line-height:var(--h2_typography-line-height);--awb-caption-title-letter-spacing:var(--h2_typography-letter-spacing);\"><span class=\" fusion-imageframe imageframe-dropshadow imageframe-1 hover-type-zoomin\" style=\"border:1px solid #adadad;-webkit-box-shadow: 3px 3px 7px rgba(0,0,0,0.3);box-shadow: 3px 3px 7px rgba(0,0,0,0.3);margin-left:25px;float:right;\"><a href=\"https:\/\/indoorairqualityottawa.ca\/wp-content\/uploads\/2018\/03\/iaqo-smoke-testing-services-01.jpg\" class=\"fusion-lightbox\" data-rel=\"iLightbox[3832c996aa52b545307]\" data-title=\"iaqo-smoke-testing-services-01\" title=\"iaqo-smoke-testing-services-01\"><img decoding=\"async\" width=\"640\" height=\"480\" alt=\"Tests de fum\u00e9e\" src=\"https:\/\/indoorairqualityottawa.ca\/wp-content\/uploads\/2018\/03\/iaqo-smoke-testing-services-01.jpg\" class=\"img-responsive wp-image-1023\" srcset=\"https:\/\/indoorairqualityottawa.ca\/wp-content\/uploads\/2018\/03\/iaqo-smoke-testing-services-01-200x150.jpg 200w, https:\/\/indoorairqualityottawa.ca\/wp-content\/uploads\/2018\/03\/iaqo-smoke-testing-services-01-400x300.jpg 400w, https:\/\/indoorairqualityottawa.ca\/wp-content\/uploads\/2018\/03\/iaqo-smoke-testing-services-01-600x450.jpg 600w, https:\/\/indoorairqualityottawa.ca\/wp-content\/uploads\/2018\/03\/iaqo-smoke-testing-services-01.jpg 640w\" sizes=\"(max-width: 800px) 100vw, 600px\" \/><\/a><\/span><\/div><div class=\"fusion-clearfix\"><\/div><\/div><\/div><div class=\"fusion-layout-column fusion_builder_column fusion-builder-column-2 fusion_builder_column_1_2 1_2 fusion-one-half fusion-column-last\" style=\"--awb-bg-size:cover;width:50%;width:calc(50% - ( ( 4% ) * 0.5 ) );\"><div class=\"fusion-column-wrapper fusion-flex-column-wrapper-legacy\"><div class=\"fusion-image-element fusion-image-align-left in-legacy-container\" style=\"text-align:left;--awb-caption-title-font-family:var(--h2_typography-font-family);--awb-caption-title-font-weight:var(--h2_typography-font-weight);--awb-caption-title-font-style:var(--h2_typography-font-style);--awb-caption-title-size:var(--h2_typography-font-size);--awb-caption-title-transform:var(--h2_typography-text-transform);--awb-caption-title-line-height:var(--h2_typography-line-height);--awb-caption-title-letter-spacing:var(--h2_typography-letter-spacing);\"><span class=\" fusion-imageframe imageframe-dropshadow imageframe-2 hover-type-zoomin smoke-testing\" style=\"border:1px solid #adadad;-webkit-box-shadow: 3px 3px 7px rgba(0,0,0,0.3);box-shadow: 3px 3px 7px rgba(0,0,0,0.3);margin-right:25px;float:left;\"><a href=\"https:\/\/indoorairqualityottawa.ca\/wp-content\/uploads\/2018\/03\/iaqo-smoke-testing-services-02.jpg\" class=\"fusion-lightbox\" data-rel=\"iLightbox[32e7c3c8cc55ac84d92]\" data-title=\"iaqo-smoke-testing-services-02\" title=\"iaqo-smoke-testing-services-02\"><img decoding=\"async\" width=\"640\" height=\"480\" alt=\"Tests de fum\u00e9e\" src=\"https:\/\/indoorairqualityottawa.ca\/wp-content\/uploads\/2018\/03\/iaqo-smoke-testing-services-02.jpg\" class=\"img-responsive wp-image-1021\" srcset=\"https:\/\/indoorairqualityottawa.ca\/wp-content\/uploads\/2018\/03\/iaqo-smoke-testing-services-02-200x150.jpg 200w, https:\/\/indoorairqualityottawa.ca\/wp-content\/uploads\/2018\/03\/iaqo-smoke-testing-services-02-400x300.jpg 400w, https:\/\/indoorairqualityottawa.ca\/wp-content\/uploads\/2018\/03\/iaqo-smoke-testing-services-02-600x450.jpg 600w, https:\/\/indoorairqualityottawa.ca\/wp-content\/uploads\/2018\/03\/iaqo-smoke-testing-services-02.jpg 640w\" sizes=\"(max-width: 800px) 100vw, 600px\" \/><\/a><\/span><\/div><div class=\"fusion-clearfix\"><\/div><\/div><\/div><\/div><\/div><div class=\"fusion-fullwidth fullwidth-box fusion-builder-row-3 nonhundred-percent-fullwidth non-hundred-percent-height-scrolling\" style=\"--awb-border-radius-top-left:0px;--awb-border-radius-top-right:0px;--awb-border-radius-bottom-right:0px;--awb-border-radius-bottom-left:0px;--awb-padding-top:20px;--awb-padding-bottom:20px;--awb-background-color:#eaeaea;--awb-flex-wrap:wrap;\" ><div class=\"fusion-builder-row fusion-row\"><div class=\"fusion-layout-column fusion_builder_column fusion-builder-column-3 fusion_builder_column_1_1 1_1 fusion-one-full fusion-column-first fusion-column-last\" style=\"--awb-bg-size:cover;\"><div class=\"fusion-column-wrapper fusion-flex-column-wrapper-legacy\"><div class=\"fusion-title title fusion-title-2 fusion-sep-none fusion-title-center fusion-title-text fusion-title-size-two\" style=\"--awb-margin-top-small:10px;--awb-margin-right-small:0px;--awb-margin-bottom-small:10px;--awb-margin-left-small:0px;\"><h2 class=\"fusion-title-heading title-heading-center fusion-responsive-typography-calculated\" style=\"margin:0;--fontSize:24;line-height:1.5;\">Mieux respirer \u00e0 la maison et au bureau<\/h2><\/div><div class=\"fusion-title title fusion-title-3 fusion-sep-none fusion-title-center fusion-title-text fusion-title-size-three\" style=\"--awb-margin-top-small:10px;--awb-margin-right-small:0px;--awb-margin-bottom-small:10px;--awb-margin-left-small:0px;\"><h3 class=\"fusion-title-heading title-heading-center fusion-responsive-typography-calculated\" style=\"margin:0;--fontSize:21;--minFontSize:21;line-height:1.2;\">Composez le&nbsp;<a href=\"tel:+16138210035\">(613) 821-0035<\/a> pour un devis<\/h3><\/div><div class=\"fusion-title title fusion-title-4 fusion-sep-none fusion-title-center fusion-title-text fusion-title-size-two\" style=\"--awb-margin-top-small:10px;--awb-margin-right-small:0px;--awb-margin-bottom-small:10px;--awb-margin-left-small:0px;\"><h2 class=\"fusion-title-heading title-heading-center fusion-responsive-typography-calculated\" style=\"margin:0;--fontSize:24;line-height:1.5;\">Ou<\/h2><\/div><div class=\"fusion-aligncenter\"><a class=\"fusion-button button-flat fusion-button-default-size button-default fusion-button-default button-1 fusion-button-default-span fusion-button-default-type\" target=\"_self\" title=\"Contactez Indoor Air Quality Ottawa\" aria-label=\"Contactez Indoor Air Quality Ottawa\" href=\"\/fr\/contact\/\"><span class=\"fusion-button-text awb-button__text awb-button__text--default\">Remplissez le formulaire de contact<\/span><\/a><\/div><div class=\"fusion-clearfix\"><\/div><\/div><\/div><\/div><\/div><div class=\"fusion-fullwidth fullwidth-box fusion-builder-row-4 hundred-percent-fullwidth non-hundred-percent-height-scrolling logos\" style=\"--awb-border-color:#607d8b;--awb-border-radius-top-left:0px;--awb-border-radius-top-right:0px;--awb-border-radius-bottom-right:0px;--awb-border-radius-bottom-left:0px;--awb-padding-top:20px;--awb-padding-bottom:20px;--awb-background-color:#ffffff;--awb-border-sizes-top:0px;--awb-border-sizes-bottom:0px;--awb-flex-wrap:wrap;\" ><div class=\"fusion-builder-row fusion-row\"><div class=\"fusion-layout-column fusion_builder_column fusion-builder-column-4 fusion_builder_column_1_1 1_1 fusion-one-full fusion-column-first fusion-column-last\" style=\"--awb-bg-size:cover;\"><div class=\"fusion-column-wrapper fusion-flex-column-wrapper-legacy\"><div class=\"fusion-column-content-centered\"><div class=\"fusion-column-content\"><div class=\"fusion-text fusion-text-2\"><p class=\"alignnone\"><img decoding=\"async\" class=\"alignnone wp-image-438 size-full\" src=\"https:\/\/indoorairqualityottawa.ca\/wp-content\/uploads\/2017\/12\/IndoorAirQualityOttawaCompanySeal-150px-BW.png\" alt=\"\" width=\"150\" height=\"150\" srcset=\"https:\/\/indoorairqualityottawa.ca\/wp-content\/uploads\/2017\/12\/IndoorAirQualityOttawaCompanySeal-150px-BW-66x66.png 66w, https:\/\/indoorairqualityottawa.ca\/wp-content\/uploads\/2017\/12\/IndoorAirQualityOttawaCompanySeal-150px-BW.png 150w\" sizes=\"(max-width: 150px) 100vw, 150px\" \/><img decoding=\"async\" class=\"alignnone size-thumbnail wp-image-296\" src=\"https:\/\/indoorairqualityottawa.ca\/wp-content\/uploads\/2017\/03\/CIEC-Logo-1-150x150.png\" alt=\"\" width=\"150\" height=\"150\" srcset=\"https:\/\/indoorairqualityottawa.ca\/wp-content\/uploads\/2017\/03\/CIEC-Logo-1-66x66.png 66w, https:\/\/indoorairqualityottawa.ca\/wp-content\/uploads\/2017\/03\/CIEC-Logo-1-150x150.png 150w, https:\/\/indoorairqualityottawa.ca\/wp-content\/uploads\/2017\/03\/CIEC-Logo-1-200x200.png 200w, https:\/\/indoorairqualityottawa.ca\/wp-content\/uploads\/2017\/03\/CIEC-Logo-1.png 250w\" sizes=\"(max-width: 150px) 100vw, 150px\" \/><img decoding=\"async\" class=\"wp-image-287 size-thumbnail\" src=\"https:\/\/indoorairqualityottawa.ca\/wp-content\/uploads\/2017\/03\/Internachi-Logo-150x150.png\" alt=\"\" width=\"150\" height=\"150\" srcset=\"https:\/\/indoorairqualityottawa.ca\/wp-content\/uploads\/2017\/03\/Internachi-Logo-66x66.png 66w, https:\/\/indoorairqualityottawa.ca\/wp-content\/uploads\/2017\/03\/Internachi-Logo-150x150.png 150w, https:\/\/indoorairqualityottawa.ca\/wp-content\/uploads\/2017\/03\/Internachi-Logo-200x200.png 200w, https:\/\/indoorairqualityottawa.ca\/wp-content\/uploads\/2017\/03\/Internachi-Logo.png 250w\" sizes=\"(max-width: 150px) 100vw, 150px\" \/> <img decoding=\"async\" class=\"wp-image-286 size-thumbnail\" src=\"https:\/\/indoorairqualityottawa.ca\/wp-content\/uploads\/2017\/03\/IIRC-Logo-150x150.png\" alt=\"\" width=\"150\" height=\"150\" srcset=\"https:\/\/indoorairqualityottawa.ca\/wp-content\/uploads\/2017\/03\/IIRC-Logo-66x66.png 66w, https:\/\/indoorairqualityottawa.ca\/wp-content\/uploads\/2017\/03\/IIRC-Logo-150x150.png 150w, https:\/\/indoorairqualityottawa.ca\/wp-content\/uploads\/2017\/03\/IIRC-Logo-200x200.png 200w, https:\/\/indoorairqualityottawa.ca\/wp-content\/uploads\/2017\/03\/IIRC-Logo.png 250w\" sizes=\"(max-width: 150px) 100vw, 150px\" \/> <img decoding=\"async\" class=\"wp-image-285 size-thumbnail\" src=\"https:\/\/indoorairqualityottawa.ca\/wp-content\/uploads\/2017\/03\/IAQA-Logo-150x150.png\" alt=\"\" width=\"150\" height=\"150\" srcset=\"https:\/\/indoorairqualityottawa.ca\/wp-content\/uploads\/2017\/03\/IAQA-Logo-66x66.png 66w, https:\/\/indoorairqualityottawa.ca\/wp-content\/uploads\/2017\/03\/IAQA-Logo-150x150.png 150w, https:\/\/indoorairqualityottawa.ca\/wp-content\/uploads\/2017\/03\/IAQA-Logo-200x200.png 200w, https:\/\/indoorairqualityottawa.ca\/wp-content\/uploads\/2017\/03\/IAQA-Logo.png 250w\" sizes=\"(max-width: 150px) 100vw, 150px\" \/> <img decoding=\"async\" class=\"wp-image-284 size-thumbnail\" src=\"https:\/\/indoorairqualityottawa.ca\/wp-content\/uploads\/2017\/03\/HRAI-logo-150x150.png\" alt=\"\" width=\"150\" height=\"150\" srcset=\"https:\/\/indoorairqualityottawa.ca\/wp-content\/uploads\/2017\/03\/HRAI-logo-66x66.png 66w, https:\/\/indoorairqualityottawa.ca\/wp-content\/uploads\/2017\/03\/HRAI-logo-150x150.png 150w, https:\/\/indoorairqualityottawa.ca\/wp-content\/uploads\/2017\/03\/HRAI-logo-200x200.png 200w, https:\/\/indoorairqualityottawa.ca\/wp-content\/uploads\/2017\/03\/HRAI-logo.png 250w\" sizes=\"(max-width: 150px) 100vw, 150px\" \/> <img decoding=\"async\" class=\"wp-image-282 size-thumbnail\" src=\"https:\/\/indoorairqualityottawa.ca\/wp-content\/uploads\/2017\/03\/ABRA-Logo-150x150.png\" alt=\"\" width=\"150\" height=\"150\" srcset=\"https:\/\/indoorairqualityottawa.ca\/wp-content\/uploads\/2017\/03\/ABRA-Logo-66x66.png 66w, https:\/\/indoorairqualityottawa.ca\/wp-content\/uploads\/2017\/03\/ABRA-Logo-150x150.png 150w, https:\/\/indoorairqualityottawa.ca\/wp-content\/uploads\/2017\/03\/ABRA-Logo-200x200.png 200w, https:\/\/indoorairqualityottawa.ca\/wp-content\/uploads\/2017\/03\/ABRA-Logo.png 250w\" sizes=\"(max-width: 150px) 100vw, 150px\" \/><\/p>\n<\/div><\/div><\/div><div class=\"fusion-clearfix\"><\/div><\/div><\/div><\/div><\/div><\/p>\n","protected":false},"excerpt":{"rendered":"","protected":false},"author":5,"featured_media":0,"parent":0,"menu_order":0,"comment_status":"closed","ping_status":"closed","template":"100-width.php","meta":{"ngg_post_thumbnail":0,"footnotes":""},"tags":[],"class_list":["post-1016","page","type-page","status-publish","hentry"],"yoast_head":"<!-- This site is optimized with the Yoast SEO plugin v27.3 - https:\/\/yoast.com\/product\/yoast-seo-wordpress\/ -->\n<title>Tests de fum\u00e9e Ottawa | Indoor Air Quality Ottawa<\/title>\n<meta name=\"description\" content=\"Nos services d&#039;analyse de la qualit\u00e9 de l&#039;air peuvent v\u00e9rifier la pr\u00e9sence de r\u00e9sidus de fum\u00e9e et de particules qui peuvent affecter la qualit\u00e9 de l&#039;air en g\u00e9n\u00e9ral. Contactez-nous d\u00e8s aujourd&#039;hui pour un devis gratuit :\" \/>\n<meta name=\"robots\" content=\"index, follow, max-snippet:-1, max-image-preview:large, max-video-preview:-1\" \/>\n<link rel=\"canonical\" href=\"https:\/\/indoorairqualityottawa.ca\/fr\/tests-de-fumee\/\" \/>\n<meta property=\"og:locale\" content=\"fr_FR\" \/>\n<meta property=\"og:type\" content=\"article\" \/>\n<meta property=\"og:title\" content=\"Tests de fum\u00e9e Ottawa | Indoor Air Quality Ottawa\" \/>\n<meta property=\"og:description\" content=\"Nos services d&#039;analyse de la qualit\u00e9 de l&#039;air peuvent v\u00e9rifier la pr\u00e9sence de r\u00e9sidus de fum\u00e9e et de particules qui peuvent affecter la qualit\u00e9 de l&#039;air en g\u00e9n\u00e9ral. Contactez-nous d\u00e8s aujourd&#039;hui pour un devis gratuit :\" \/>\n<meta property=\"og:url\" content=\"https:\/\/indoorairqualityottawa.ca\/fr\/tests-de-fumee\/\" \/>\n<meta property=\"og:site_name\" content=\"Indoor Air Quality Ottawa\" \/>\n<meta property=\"article:publisher\" content=\"https:\/\/www.facebook.com\/Indoor-Air-Quality-Ottawa-657903714377013\/\" \/>\n<meta property=\"article:modified_time\" content=\"2026-01-02T20:25:59+00:00\" \/>\n<meta property=\"og:image\" content=\"https:\/\/indoorairqualityottawa.ca\/wp-content\/uploads\/2017\/12\/IndoorAirQualityOttawaCompanySeal-150px-BW.png\" \/>\n<meta name=\"twitter:card\" content=\"summary_large_image\" \/>\n<meta name=\"twitter:label1\" content=\"Dur\u00e9e de lecture estim\u00e9e\" \/>\n\t<meta name=\"twitter:data1\" content=\"6 minutes\" \/>\n<script type=\"application\/ld+json\" class=\"yoast-schema-graph\">{\"@context\":\"https:\\\/\\\/schema.org\",\"@graph\":[{\"@type\":\"WebPage\",\"@id\":\"https:\\\/\\\/indoorairqualityottawa.ca\\\/fr\\\/tests-de-fumee\\\/\",\"url\":\"https:\\\/\\\/indoorairqualityottawa.ca\\\/fr\\\/tests-de-fumee\\\/\",\"name\":\"Tests de fum\u00e9e Ottawa | Indoor Air Quality Ottawa\",\"isPartOf\":{\"@id\":\"https:\\\/\\\/indoorairqualityottawa.ca\\\/fr\\\/#website\"},\"primaryImageOfPage\":{\"@id\":\"https:\\\/\\\/indoorairqualityottawa.ca\\\/fr\\\/tests-de-fumee\\\/#primaryimage\"},\"image\":{\"@id\":\"https:\\\/\\\/indoorairqualityottawa.ca\\\/fr\\\/tests-de-fumee\\\/#primaryimage\"},\"thumbnailUrl\":\"https:\\\/\\\/indoorairqualityottawa.ca\\\/wp-content\\\/uploads\\\/2017\\\/12\\\/IndoorAirQualityOttawaCompanySeal-150px-BW.png\",\"datePublished\":\"2019-06-03T12:30:38+00:00\",\"dateModified\":\"2026-01-02T20:25:59+00:00\",\"description\":\"Nos services d'analyse de la qualit\u00e9 de l'air peuvent v\u00e9rifier la pr\u00e9sence de r\u00e9sidus de fum\u00e9e et de particules qui peuvent affecter la qualit\u00e9 de l'air en g\u00e9n\u00e9ral. Contactez-nous d\u00e8s aujourd'hui pour un devis gratuit :\",\"breadcrumb\":{\"@id\":\"https:\\\/\\\/indoorairqualityottawa.ca\\\/fr\\\/tests-de-fumee\\\/#breadcrumb\"},\"inLanguage\":\"fr-FR\",\"potentialAction\":[{\"@type\":\"ReadAction\",\"target\":[\"https:\\\/\\\/indoorairqualityottawa.ca\\\/fr\\\/tests-de-fumee\\\/\"]}]},{\"@type\":\"ImageObject\",\"inLanguage\":\"fr-FR\",\"@id\":\"https:\\\/\\\/indoorairqualityottawa.ca\\\/fr\\\/tests-de-fumee\\\/#primaryimage\",\"url\":\"https:\\\/\\\/indoorairqualityottawa.ca\\\/wp-content\\\/uploads\\\/2017\\\/12\\\/IndoorAirQualityOttawaCompanySeal-150px-BW.png\",\"contentUrl\":\"https:\\\/\\\/indoorairqualityottawa.ca\\\/wp-content\\\/uploads\\\/2017\\\/12\\\/IndoorAirQualityOttawaCompanySeal-150px-BW.png\"},{\"@type\":\"BreadcrumbList\",\"@id\":\"https:\\\/\\\/indoorairqualityottawa.ca\\\/fr\\\/tests-de-fumee\\\/#breadcrumb\",\"itemListElement\":[{\"@type\":\"ListItem\",\"position\":1,\"name\":\"Indoor Air Quality Ottawa\",\"item\":\"https:\\\/\\\/indoorairqualityottawa.ca\\\/fr\\\/\"},{\"@type\":\"ListItem\",\"position\":2,\"name\":\"Tests de fum\u00e9e\"}]},{\"@type\":\"WebSite\",\"@id\":\"https:\\\/\\\/indoorairqualityottawa.ca\\\/fr\\\/#website\",\"url\":\"https:\\\/\\\/indoorairqualityottawa.ca\\\/fr\\\/\",\"name\":\"Indoor Air Quality Ottawa\",\"description\":\"We Only Sell Good Advice\",\"potentialAction\":[{\"@type\":\"SearchAction\",\"target\":{\"@type\":\"EntryPoint\",\"urlTemplate\":\"https:\\\/\\\/indoorairqualityottawa.ca\\\/fr\\\/?s={search_term_string}\"},\"query-input\":{\"@type\":\"PropertyValueSpecification\",\"valueRequired\":true,\"valueName\":\"search_term_string\"}}],\"inLanguage\":\"fr-FR\"}]}<\/script>\n<!-- \/ Yoast SEO plugin. -->","yoast_head_json":{"title":"Tests de fum\u00e9e Ottawa | Indoor Air Quality Ottawa","description":"Nos services d'analyse de la qualit\u00e9 de l'air peuvent v\u00e9rifier la pr\u00e9sence de r\u00e9sidus de fum\u00e9e et de particules qui peuvent affecter la qualit\u00e9 de l'air en g\u00e9n\u00e9ral. Contactez-nous d\u00e8s aujourd'hui pour un devis gratuit :","robots":{"index":"index","follow":"follow","max-snippet":"max-snippet:-1","max-image-preview":"max-image-preview:large","max-video-preview":"max-video-preview:-1"},"canonical":"https:\/\/indoorairqualityottawa.ca\/fr\/tests-de-fumee\/","og_locale":"fr_FR","og_type":"article","og_title":"Tests de fum\u00e9e Ottawa | Indoor Air Quality Ottawa","og_description":"Nos services d'analyse de la qualit\u00e9 de l'air peuvent v\u00e9rifier la pr\u00e9sence de r\u00e9sidus de fum\u00e9e et de particules qui peuvent affecter la qualit\u00e9 de l'air en g\u00e9n\u00e9ral. Contactez-nous d\u00e8s aujourd'hui pour un devis gratuit :","og_url":"https:\/\/indoorairqualityottawa.ca\/fr\/tests-de-fumee\/","og_site_name":"Indoor Air Quality Ottawa","article_publisher":"https:\/\/www.facebook.com\/Indoor-Air-Quality-Ottawa-657903714377013\/","article_modified_time":"2026-01-02T20:25:59+00:00","og_image":[{"url":"https:\/\/indoorairqualityottawa.ca\/wp-content\/uploads\/2017\/12\/IndoorAirQualityOttawaCompanySeal-150px-BW.png","type":"","width":"","height":""}],"twitter_card":"summary_large_image","twitter_misc":{"Dur\u00e9e de lecture estim\u00e9e":"6 minutes"},"schema":{"@context":"https:\/\/schema.org","@graph":[{"@type":"WebPage","@id":"https:\/\/indoorairqualityottawa.ca\/fr\/tests-de-fumee\/","url":"https:\/\/indoorairqualityottawa.ca\/fr\/tests-de-fumee\/","name":"Tests de fum\u00e9e Ottawa | Indoor Air Quality Ottawa","isPartOf":{"@id":"https:\/\/indoorairqualityottawa.ca\/fr\/#website"},"primaryImageOfPage":{"@id":"https:\/\/indoorairqualityottawa.ca\/fr\/tests-de-fumee\/#primaryimage"},"image":{"@id":"https:\/\/indoorairqualityottawa.ca\/fr\/tests-de-fumee\/#primaryimage"},"thumbnailUrl":"https:\/\/indoorairqualityottawa.ca\/wp-content\/uploads\/2017\/12\/IndoorAirQualityOttawaCompanySeal-150px-BW.png","datePublished":"2019-06-03T12:30:38+00:00","dateModified":"2026-01-02T20:25:59+00:00","description":"Nos services d'analyse de la qualit\u00e9 de l'air peuvent v\u00e9rifier la pr\u00e9sence de r\u00e9sidus de fum\u00e9e et de particules qui peuvent affecter la qualit\u00e9 de l'air en g\u00e9n\u00e9ral. Contactez-nous d\u00e8s aujourd'hui pour un devis gratuit :","breadcrumb":{"@id":"https:\/\/indoorairqualityottawa.ca\/fr\/tests-de-fumee\/#breadcrumb"},"inLanguage":"fr-FR","potentialAction":[{"@type":"ReadAction","target":["https:\/\/indoorairqualityottawa.ca\/fr\/tests-de-fumee\/"]}]},{"@type":"ImageObject","inLanguage":"fr-FR","@id":"https:\/\/indoorairqualityottawa.ca\/fr\/tests-de-fumee\/#primaryimage","url":"https:\/\/indoorairqualityottawa.ca\/wp-content\/uploads\/2017\/12\/IndoorAirQualityOttawaCompanySeal-150px-BW.png","contentUrl":"https:\/\/indoorairqualityottawa.ca\/wp-content\/uploads\/2017\/12\/IndoorAirQualityOttawaCompanySeal-150px-BW.png"},{"@type":"BreadcrumbList","@id":"https:\/\/indoorairqualityottawa.ca\/fr\/tests-de-fumee\/#breadcrumb","itemListElement":[{"@type":"ListItem","position":1,"name":"Indoor Air Quality Ottawa","item":"https:\/\/indoorairqualityottawa.ca\/fr\/"},{"@type":"ListItem","position":2,"name":"Tests de fum\u00e9e"}]},{"@type":"WebSite","@id":"https:\/\/indoorairqualityottawa.ca\/fr\/#website","url":"https:\/\/indoorairqualityottawa.ca\/fr\/","name":"Indoor Air Quality Ottawa","description":"We Only Sell Good Advice","potentialAction":[{"@type":"SearchAction","target":{"@type":"EntryPoint","urlTemplate":"https:\/\/indoorairqualityottawa.ca\/fr\/?s={search_term_string}"},"query-input":{"@type":"PropertyValueSpecification","valueRequired":true,"valueName":"search_term_string"}}],"inLanguage":"fr-FR"}]}},"_links":{"self":[{"href":"https:\/\/indoorairqualityottawa.ca\/fr\/wp-json\/wp\/v2\/pages\/1016","targetHints":{"allow":["GET"]}}],"collection":[{"href":"https:\/\/indoorairqualityottawa.ca\/fr\/wp-json\/wp\/v2\/pages"}],"about":[{"href":"https:\/\/indoorairqualityottawa.ca\/fr\/wp-json\/wp\/v2\/types\/page"}],"author":[{"embeddable":true,"href":"https:\/\/indoorairqualityottawa.ca\/fr\/wp-json\/wp\/v2\/users\/5"}],"replies":[{"embeddable":true,"href":"https:\/\/indoorairqualityottawa.ca\/fr\/wp-json\/wp\/v2\/comments?post=1016"}],"version-history":[{"count":0,"href":"https:\/\/indoorairqualityottawa.ca\/fr\/wp-json\/wp\/v2\/pages\/1016\/revisions"}],"wp:attachment":[{"href":"https:\/\/indoorairqualityottawa.ca\/fr\/wp-json\/wp\/v2\/media?parent=1016"}],"wp:term":[{"taxonomy":"post_tag","embeddable":true,"href":"https:\/\/indoorairqualityottawa.ca\/fr\/wp-json\/wp\/v2\/tags?post=1016"}],"curies":[{"name":"wp","href":"https:\/\/api.w.org\/{rel}","templated":true}]}}