{"id":1028,"date":"2019-06-03T08:39:36","date_gmt":"2019-06-03T12:39:36","guid":{"rendered":"https:\/\/indoor-air-quality-ottawa.local\/medias\/"},"modified":"2019-09-27T12:55:16","modified_gmt":"2019-09-27T16:55:16","slug":"medias","status":"publish","type":"page","link":"https:\/\/indoorairqualityottawa.ca\/fr\/medias\/","title":{"rendered":"M\u00e9dias"},"content":{"rendered":"<div class=\"fusion-fullwidth fullwidth-box fusion-builder-row-1 nonhundred-percent-fullwidth non-hundred-percent-height-scrolling\" style=\"--awb-border-radius-top-left:0px;--awb-border-radius-top-right:0px;--awb-border-radius-bottom-right:0px;--awb-border-radius-bottom-left:0px;--awb-padding-top:20px;--awb-padding-bottom:20px;--awb-flex-wrap:wrap;\" ><div class=\"fusion-builder-row fusion-row\"><div class=\"fusion-layout-column fusion_builder_column fusion-builder-column-0 fusion_builder_column_1_1 1_1 fusion-one-full fusion-column-first fusion-column-last\" style=\"--awb-bg-size:cover;\"><div class=\"fusion-column-wrapper fusion-flex-column-wrapper-legacy\"><div class=\"fusion-title title fusion-title-1 fusion-sep-none fusion-title-text fusion-title-size-two\" style=\"--awb-margin-top-small:10px;--awb-margin-right-small:0px;--awb-margin-bottom-small:10px;--awb-margin-left-small:0px;\"><h2 class=\"fusion-title-heading title-heading-left fusion-responsive-typography-calculated\" style=\"margin:0;--fontSize:24;line-height:1.5;\">Vid\u00e9os<\/h2><\/div><div class=\"fusion-text fusion-text-1\"><p>D\u00e9couvrez toutes nos vid\u00e9os (en anglais) sur YouTube \u00e0 la rubrique <a href=\"http:\/\/indoorairqualityottawa.ca\/air-quality-control-media\/air-quality-control-videos\/\"><b>\u00ab Vid\u00e9os \u00bb<\/b><\/a> pour en savoir plus sur :<\/p>\n<ul>\n<li>Comment g\u00e9rer une inondation dans un sous-sol, les fissures dans les drains de fondation et les travaux d\u2019excavations<\/li>\n<li>Les probl\u00e8mes de p\u00e9n\u00e9tration d\u2019humidit\u00e9 et d\u2019efflorescence et le bon montage des murs<\/li>\n<li>Le traitement des moisissures et le d\u00e9samiantage<\/li>\n<li>Le nettoyage des conduits<\/li>\n<li>Les conduits et les produits de ventilation vendus dans le commerce<\/li>\n<li>Les fissures dans les murs et les injections de ciment<\/li>\n<li>L\u2019\u00e9limination des moisissures, les trousses de test de pr\u00e9sence de moisissure et autres outils<\/li>\n<li>Les variations de pression de vapeur, l\u2019humidit\u00e9 dans les sous-sols et le montage des murs<\/li>\n<li>Les syst\u00e8mes de ventilation et les ventilateurs-r\u00e9cup\u00e9rateurs de chaleur<\/li>\n<\/ul>\n<p><a href=\"https:\/\/www.youtube.com\/channel\/UCE2SSTk2npb8s2EWfsULhhQ\" target=\"_blank\" rel=\"noopener noreferrer\"><img decoding=\"async\" class=\"alignnone wp-image-644\" title=\"Le \u00ab Gars de qualit\u00e9 d'air \u00bb sur YouTube\" src=\"https:\/\/indoorairqualityottawa.ca\/wp-content\/uploads\/2018\/07\/youtube_v2-512-150x150.png\" alt=\"Le \u00ab Gars de qualit\u00e9 d'air \u00bb sur YouTube\" width=\"100\" height=\"100\" srcset=\"https:\/\/indoorairqualityottawa.ca\/wp-content\/uploads\/2018\/07\/youtube_v2-512-66x66.png 66w, https:\/\/indoorairqualityottawa.ca\/wp-content\/uploads\/2018\/07\/youtube_v2-512-150x150.png 150w, https:\/\/indoorairqualityottawa.ca\/wp-content\/uploads\/2018\/07\/youtube_v2-512-200x200.png 200w, https:\/\/indoorairqualityottawa.ca\/wp-content\/uploads\/2018\/07\/youtube_v2-512-300x300.png 300w, https:\/\/indoorairqualityottawa.ca\/wp-content\/uploads\/2018\/07\/youtube_v2-512-400x400.png 400w, https:\/\/indoorairqualityottawa.ca\/wp-content\/uploads\/2018\/07\/youtube_v2-512.png 512w\" sizes=\"(max-width: 100px) 100vw, 100px\" \/><\/a><\/p>\n<\/div><div class=\"fusion-title title fusion-title-2 fusion-sep-none fusion-title-text fusion-title-size-two\" style=\"--awb-margin-top-small:10px;--awb-margin-right-small:0px;--awb-margin-bottom-small:10px;--awb-margin-left-small:0px;\"><h2 class=\"fusion-title-heading title-heading-left fusion-responsive-typography-calculated\" style=\"margin:0;--fontSize:24;line-height:1.5;\">Radio<\/h2><\/div><div class=\"fusion-text fusion-text-2\"><p>Retrouvez Shawn, le sp\u00e9cialiste de la qualit\u00e9 de l\u2019air, dans \u00ab Experts On Call \u00bb sur 580 CFRA. T\u00e9l\u00e9chargez ou \u00e9coutez les \u00e9missions dans la rubrique <a tabindex=\"0\" href=\"http:\/\/indoorairqualityottawa.ca\/air-quality-control-media\/indoor-air-quality-control-580-cfra\/\"><b>\u00ab Radio \u00bb<\/b><\/a> (en anglais).<\/p>\n<\/div><div class=\"fusion-clearfix\"><\/div><\/div><\/div><\/div><\/div>\n","protected":false},"excerpt":{"rendered":"","protected":false},"author":5,"featured_media":0,"parent":0,"menu_order":0,"comment_status":"closed","ping_status":"closed","template":"","meta":{"ngg_post_thumbnail":0,"footnotes":""},"tags":[],"class_list":["post-1028","page","type-page","status-publish","hentry"],"yoast_head":"<!-- This site is optimized with the Yoast SEO plugin v27.3 - https:\/\/yoast.com\/product\/yoast-seo-wordpress\/ -->\n<title>Ressources multim\u00e9dias sur le contr\u00f4le de la qualit\u00e9 de l\u2019air - IAQ Ottawa<\/title>\n<meta name=\"description\" content=\"D\u00e9couvrez toutes nos ressources multim\u00e9dias sur le contr\u00f4le de la qualit\u00e9 de l\u2019air.\" \/>\n<meta name=\"robots\" content=\"index, follow, max-snippet:-1, max-image-preview:large, max-video-preview:-1\" \/>\n<link rel=\"canonical\" href=\"https:\/\/indoorairqualityottawa.ca\/fr\/medias\/\" \/>\n<meta property=\"og:locale\" content=\"fr_FR\" \/>\n<meta property=\"og:type\" content=\"article\" \/>\n<meta property=\"og:title\" content=\"Ressources multim\u00e9dias sur le contr\u00f4le de la qualit\u00e9 de l\u2019air - IAQ Ottawa\" \/>\n<meta property=\"og:description\" content=\"D\u00e9couvrez toutes nos ressources multim\u00e9dias sur le contr\u00f4le de la qualit\u00e9 de l\u2019air.\" \/>\n<meta property=\"og:url\" content=\"https:\/\/indoorairqualityottawa.ca\/fr\/medias\/\" \/>\n<meta property=\"og:site_name\" content=\"Indoor Air Quality Ottawa\" \/>\n<meta property=\"article:publisher\" content=\"https:\/\/www.facebook.com\/Indoor-Air-Quality-Ottawa-657903714377013\/\" \/>\n<meta property=\"article:modified_time\" content=\"2019-09-27T16:55:16+00:00\" \/>\n<meta property=\"og:image\" content=\"https:\/\/indoorairqualityottawa.ca\/wp-content\/uploads\/2018\/07\/youtube_v2-512-150x150.png\" \/>\n<meta name=\"twitter:card\" content=\"summary_large_image\" \/>\n<meta name=\"twitter:label1\" content=\"Dur\u00e9e de lecture estim\u00e9e\" \/>\n\t<meta name=\"twitter:data1\" content=\"2 minutes\" \/>\n<script type=\"application\/ld+json\" class=\"yoast-schema-graph\">{\"@context\":\"https:\\\/\\\/schema.org\",\"@graph\":[{\"@type\":\"WebPage\",\"@id\":\"https:\\\/\\\/indoorairqualityottawa.ca\\\/fr\\\/medias\\\/\",\"url\":\"https:\\\/\\\/indoorairqualityottawa.ca\\\/fr\\\/medias\\\/\",\"name\":\"Ressources multim\u00e9dias sur le contr\u00f4le de la qualit\u00e9 de l\u2019air - IAQ Ottawa\",\"isPartOf\":{\"@id\":\"https:\\\/\\\/indoorairqualityottawa.ca\\\/fr\\\/#website\"},\"primaryImageOfPage\":{\"@id\":\"https:\\\/\\\/indoorairqualityottawa.ca\\\/fr\\\/medias\\\/#primaryimage\"},\"image\":{\"@id\":\"https:\\\/\\\/indoorairqualityottawa.ca\\\/fr\\\/medias\\\/#primaryimage\"},\"thumbnailUrl\":\"https:\\\/\\\/indoorairqualityottawa.ca\\\/wp-content\\\/uploads\\\/2018\\\/07\\\/youtube_v2-512-150x150.png\",\"datePublished\":\"2019-06-03T12:39:36+00:00\",\"dateModified\":\"2019-09-27T16:55:16+00:00\",\"description\":\"D\u00e9couvrez toutes nos ressources multim\u00e9dias sur le contr\u00f4le de la qualit\u00e9 de l\u2019air.\",\"breadcrumb\":{\"@id\":\"https:\\\/\\\/indoorairqualityottawa.ca\\\/fr\\\/medias\\\/#breadcrumb\"},\"inLanguage\":\"fr-FR\",\"potentialAction\":[{\"@type\":\"ReadAction\",\"target\":[\"https:\\\/\\\/indoorairqualityottawa.ca\\\/fr\\\/medias\\\/\"]}]},{\"@type\":\"ImageObject\",\"inLanguage\":\"fr-FR\",\"@id\":\"https:\\\/\\\/indoorairqualityottawa.ca\\\/fr\\\/medias\\\/#primaryimage\",\"url\":\"https:\\\/\\\/indoorairqualityottawa.ca\\\/wp-content\\\/uploads\\\/2018\\\/07\\\/youtube_v2-512-150x150.png\",\"contentUrl\":\"https:\\\/\\\/indoorairqualityottawa.ca\\\/wp-content\\\/uploads\\\/2018\\\/07\\\/youtube_v2-512-150x150.png\"},{\"@type\":\"BreadcrumbList\",\"@id\":\"https:\\\/\\\/indoorairqualityottawa.ca\\\/fr\\\/medias\\\/#breadcrumb\",\"itemListElement\":[{\"@type\":\"ListItem\",\"position\":1,\"name\":\"Indoor Air Quality Ottawa\",\"item\":\"https:\\\/\\\/indoorairqualityottawa.ca\\\/fr\\\/\"},{\"@type\":\"ListItem\",\"position\":2,\"name\":\"M\u00e9dias\"}]},{\"@type\":\"WebSite\",\"@id\":\"https:\\\/\\\/indoorairqualityottawa.ca\\\/fr\\\/#website\",\"url\":\"https:\\\/\\\/indoorairqualityottawa.ca\\\/fr\\\/\",\"name\":\"Indoor Air Quality Ottawa\",\"description\":\"We Only Sell Good Advice\",\"potentialAction\":[{\"@type\":\"SearchAction\",\"target\":{\"@type\":\"EntryPoint\",\"urlTemplate\":\"https:\\\/\\\/indoorairqualityottawa.ca\\\/fr\\\/?s={search_term_string}\"},\"query-input\":{\"@type\":\"PropertyValueSpecification\",\"valueRequired\":true,\"valueName\":\"search_term_string\"}}],\"inLanguage\":\"fr-FR\"}]}<\/script>\n<!-- \/ Yoast SEO plugin. -->","yoast_head_json":{"title":"Ressources multim\u00e9dias sur le contr\u00f4le de la qualit\u00e9 de l\u2019air - IAQ Ottawa","description":"D\u00e9couvrez toutes nos ressources multim\u00e9dias sur le contr\u00f4le de la qualit\u00e9 de l\u2019air.","robots":{"index":"index","follow":"follow","max-snippet":"max-snippet:-1","max-image-preview":"max-image-preview:large","max-video-preview":"max-video-preview:-1"},"canonical":"https:\/\/indoorairqualityottawa.ca\/fr\/medias\/","og_locale":"fr_FR","og_type":"article","og_title":"Ressources multim\u00e9dias sur le contr\u00f4le de la qualit\u00e9 de l\u2019air - IAQ Ottawa","og_description":"D\u00e9couvrez toutes nos ressources multim\u00e9dias sur le contr\u00f4le de la qualit\u00e9 de l\u2019air.","og_url":"https:\/\/indoorairqualityottawa.ca\/fr\/medias\/","og_site_name":"Indoor Air Quality Ottawa","article_publisher":"https:\/\/www.facebook.com\/Indoor-Air-Quality-Ottawa-657903714377013\/","article_modified_time":"2019-09-27T16:55:16+00:00","og_image":[{"url":"https:\/\/indoorairqualityottawa.ca\/wp-content\/uploads\/2018\/07\/youtube_v2-512-150x150.png","type":"","width":"","height":""}],"twitter_card":"summary_large_image","twitter_misc":{"Dur\u00e9e de lecture estim\u00e9e":"2 minutes"},"schema":{"@context":"https:\/\/schema.org","@graph":[{"@type":"WebPage","@id":"https:\/\/indoorairqualityottawa.ca\/fr\/medias\/","url":"https:\/\/indoorairqualityottawa.ca\/fr\/medias\/","name":"Ressources multim\u00e9dias sur le contr\u00f4le de la qualit\u00e9 de l\u2019air - IAQ Ottawa","isPartOf":{"@id":"https:\/\/indoorairqualityottawa.ca\/fr\/#website"},"primaryImageOfPage":{"@id":"https:\/\/indoorairqualityottawa.ca\/fr\/medias\/#primaryimage"},"image":{"@id":"https:\/\/indoorairqualityottawa.ca\/fr\/medias\/#primaryimage"},"thumbnailUrl":"https:\/\/indoorairqualityottawa.ca\/wp-content\/uploads\/2018\/07\/youtube_v2-512-150x150.png","datePublished":"2019-06-03T12:39:36+00:00","dateModified":"2019-09-27T16:55:16+00:00","description":"D\u00e9couvrez toutes nos ressources multim\u00e9dias sur le contr\u00f4le de la qualit\u00e9 de l\u2019air.","breadcrumb":{"@id":"https:\/\/indoorairqualityottawa.ca\/fr\/medias\/#breadcrumb"},"inLanguage":"fr-FR","potentialAction":[{"@type":"ReadAction","target":["https:\/\/indoorairqualityottawa.ca\/fr\/medias\/"]}]},{"@type":"ImageObject","inLanguage":"fr-FR","@id":"https:\/\/indoorairqualityottawa.ca\/fr\/medias\/#primaryimage","url":"https:\/\/indoorairqualityottawa.ca\/wp-content\/uploads\/2018\/07\/youtube_v2-512-150x150.png","contentUrl":"https:\/\/indoorairqualityottawa.ca\/wp-content\/uploads\/2018\/07\/youtube_v2-512-150x150.png"},{"@type":"BreadcrumbList","@id":"https:\/\/indoorairqualityottawa.ca\/fr\/medias\/#breadcrumb","itemListElement":[{"@type":"ListItem","position":1,"name":"Indoor Air Quality Ottawa","item":"https:\/\/indoorairqualityottawa.ca\/fr\/"},{"@type":"ListItem","position":2,"name":"M\u00e9dias"}]},{"@type":"WebSite","@id":"https:\/\/indoorairqualityottawa.ca\/fr\/#website","url":"https:\/\/indoorairqualityottawa.ca\/fr\/","name":"Indoor Air Quality Ottawa","description":"We Only Sell Good Advice","potentialAction":[{"@type":"SearchAction","target":{"@type":"EntryPoint","urlTemplate":"https:\/\/indoorairqualityottawa.ca\/fr\/?s={search_term_string}"},"query-input":{"@type":"PropertyValueSpecification","valueRequired":true,"valueName":"search_term_string"}}],"inLanguage":"fr-FR"}]}},"_links":{"self":[{"href":"https:\/\/indoorairqualityottawa.ca\/fr\/wp-json\/wp\/v2\/pages\/1028","targetHints":{"allow":["GET"]}}],"collection":[{"href":"https:\/\/indoorairqualityottawa.ca\/fr\/wp-json\/wp\/v2\/pages"}],"about":[{"href":"https:\/\/indoorairqualityottawa.ca\/fr\/wp-json\/wp\/v2\/types\/page"}],"author":[{"embeddable":true,"href":"https:\/\/indoorairqualityottawa.ca\/fr\/wp-json\/wp\/v2\/users\/5"}],"replies":[{"embeddable":true,"href":"https:\/\/indoorairqualityottawa.ca\/fr\/wp-json\/wp\/v2\/comments?post=1028"}],"version-history":[{"count":0,"href":"https:\/\/indoorairqualityottawa.ca\/fr\/wp-json\/wp\/v2\/pages\/1028\/revisions"}],"wp:attachment":[{"href":"https:\/\/indoorairqualityottawa.ca\/fr\/wp-json\/wp\/v2\/media?parent=1028"}],"wp:term":[{"taxonomy":"post_tag","embeddable":true,"href":"https:\/\/indoorairqualityottawa.ca\/fr\/wp-json\/wp\/v2\/tags?post=1028"}],"curies":[{"name":"wp","href":"https:\/\/api.w.org\/{rel}","templated":true}]}}