{"id":1032,"date":"2019-06-03T08:41:49","date_gmt":"2019-06-03T12:41:49","guid":{"rendered":"https:\/\/indoor-air-quality-ottawa.local\/faq\/"},"modified":"2019-06-03T08:41:49","modified_gmt":"2019-06-03T12:41:49","slug":"faq","status":"publish","type":"page","link":"https:\/\/indoorairqualityottawa.ca\/fr\/faq\/","title":{"rendered":"FAQ"},"content":{"rendered":"<div class=\"fusion-fullwidth fullwidth-box fusion-builder-row-1 nonhundred-percent-fullwidth non-hundred-percent-height-scrolling\" style=\"--awb-border-radius-top-left:0px;--awb-border-radius-top-right:0px;--awb-border-radius-bottom-right:0px;--awb-border-radius-bottom-left:0px;--awb-flex-wrap:wrap;\" ><div class=\"fusion-builder-row fusion-row\"><div class=\"fusion-layout-column fusion_builder_column fusion-builder-column-0 fusion_builder_column_1_1 1_1 fusion-one-full fusion-column-first fusion-column-last\" style=\"--awb-bg-size:cover;\"><div class=\"fusion-column-wrapper fusion-flex-column-wrapper-legacy\"><style type=\"text\/css\">.fusion-faqs-wrapper #accordian-1 .fusion-panel { border-color:#e0dede; }.fusion-faqs-wrapper #accordian-1 .fusion-panel:hover{ border-color: #e0dede; }.fusion-accordian #accordian-1 .panel-title a .fa-fusion-box:before{ font-size: 13px;width: 13px;}.fusion-accordian #accordian-1 .panel-title a .fa-fusion-box{ color: #ffffff;}.fusion-accordian  #accordian-1 .panel-title a{font-family:\"Montserrat\";font-style:normal;font-weight:400;}.fusion-accordian  #accordian-1 .panel-title a:not(:hover){}.fusion-accordian  #accordian-1 .toggle-content{font-family:\"Open Sans\";font-style:normal;font-weight:400;}.fusion-accordian #accordian-1 .fa-fusion-box { background-color: #333333 !important;border-color: #333333 !important;}.fusion-accordian #accordian-1 .panel-title a:hover,.fusion-accordian #accordian-1 .panel-title a.hover { color: #a0ce4e;}.fusion-faq-shortcode .fusion-accordian #accordian-1 .fusion-toggle-boxed-mode:hover .panel-title a { color: #a0ce4e;}.fusion-accordian #accordian-1 .panel-title .active .fa-fusion-box,.fusion-accordian #accordian-1 .panel-title a:hover .fa-fusion-box,.fusion-accordian #accordian-1 .panel-title a.hover .fa-fusion-box { background-color: #a0ce4e!important;border-color: #a0ce4e!important;}<\/style><div class=\"fusion-faq-shortcode\" style=\"\"><ul role=\"menu\" class=\"fusion-filters clearfix\"><li role=\"presentation\" class=\"fusion-filter fusion-filter-all fusion-active\"><a role=\"menuitem\" data-filter=\"*\" href=\"#\">All<\/a><\/li><li role=\"presentation\" class=\"fusion-filter fusion-hidden\"><a role=\"menuitem\" data-filter=\".moissisure\" href=\"#\">Moissisure<\/a><\/li><li role=\"presentation\" class=\"fusion-filter fusion-hidden\"><a role=\"menuitem\" data-filter=\".sciences-du-batiment\" href=\"#\">Sciences du b\u00e2timent<\/a><\/li><\/ul><div class=\"fusion-faqs-wrapper\"><div class=\"accordian fusion-accordian\"><div class=\"panel-group \" id=\"accordian-1\"><div class=\"fusion-panel panel-default fusion-faq-post fusion-faq-post-1034 moissisure sciences-du-batiment \"><span class=\"entry-title rich-snippet-hidden\">Qui peut m\u2019aider \u00e0 d\u00e9celer ces failles de la science du b\u00e2timent?<\/span><div class=\"panel-heading\"><h4 id=\"faq_1-1034\" class=\"panel-title toggle\"><a data-toggle=\"collapse\" class=\"collapsed\" data-parent=\"#accordian-1\" data-target=\"#collapse-1-1034\" href=\"#collapse-1-1034\" aria-expanded=\"false\"><div class=\"fusion-toggle-icon-wrapper\"><div class=\"fusion-toggle-icon-wrapper-main\"><div class=\"fusion-toggle-icon-wrapper-sub\"><i class=\"fa-fusion-box active-icon awb-icon-minus\" aria-hidden=\"true\"><\/i><i class=\"fa-fusion-box inactive-icon awb-icon-plus\" aria-hidden=\"true\"><\/i><\/div><\/div><\/div><div class=\"fusion-toggle-heading\">Qui peut m\u2019aider \u00e0 d\u00e9celer ces failles de la science du b\u00e2timent?<\/div><\/a><\/h4><\/div><div id=\"collapse-1-1034\" aria-labelledby=\"faq_1-1034\" class=\"panel-collapse collapse\"><div class=\"panel-body toggle-content post-content\"><div class=\"fusion-fullwidth fullwidth-box fusion-builder-row-1-1 nonhundred-percent-fullwidth non-hundred-percent-height-scrolling\" style=\"--awb-border-radius-top-left:0px;--awb-border-radius-top-right:0px;--awb-border-radius-bottom-right:0px;--awb-border-radius-bottom-left:0px;--awb-flex-wrap:wrap;\" ><div class=\"fusion-builder-row fusion-row\"><div class=\"fusion-layout-column fusion_builder_column fusion-builder-column-1 fusion_builder_column_1_1 1_1 fusion-one-full fusion-column-first fusion-column-last\" style=\"--awb-padding-top:;--awb-padding-right:;--awb-padding-bottom:;--awb-padding-left:;--awb-bg-size:cover;\"><div class=\"fusion-column-wrapper fusion-flex-column-wrapper-legacy\"><div class=\"fusion-text fusion-text-1\"><p>Indoor Air Quality Ottawa a plus de 6 000 inspections \u00e0 son actif, et plus de 20 ans d\u2019exp\u00e9rience en science du b\u00e2timent.<\/p>\n<ul>\n<li>Cliquez ici pour voir notre champ d&#8217;<a href=\"\/?page_id=168\"><u>experience.<\/u><\/a><\/li>\n<\/ul>\n<\/div><div class=\"fusion-clearfix\"><\/div><\/div><\/div><\/div><\/div>\n<\/div><\/div><\/div><div class=\"fusion-panel panel-default fusion-faq-post fusion-faq-post-1038 moissisure \"><span class=\"entry-title rich-snippet-hidden\">Comment peut-on mettre un terme \u00e0 ces probl\u00e8mes de moisissures?<\/span><div class=\"panel-heading\"><h4 id=\"faq_1-1038\" class=\"panel-title toggle\"><a data-toggle=\"collapse\" class=\"collapsed\" data-parent=\"#accordian-1\" data-target=\"#collapse-1-1038\" href=\"#collapse-1-1038\" aria-expanded=\"false\"><div class=\"fusion-toggle-icon-wrapper\"><div class=\"fusion-toggle-icon-wrapper-main\"><div class=\"fusion-toggle-icon-wrapper-sub\"><i class=\"fa-fusion-box active-icon awb-icon-minus\" aria-hidden=\"true\"><\/i><i class=\"fa-fusion-box inactive-icon awb-icon-plus\" aria-hidden=\"true\"><\/i><\/div><\/div><\/div><div class=\"fusion-toggle-heading\">Comment peut-on mettre un terme \u00e0 ces probl\u00e8mes de moisissures?<\/div><\/a><\/h4><\/div><div id=\"collapse-1-1038\" aria-labelledby=\"faq_1-1038\" class=\"panel-collapse collapse\"><div class=\"panel-body toggle-content post-content\"><div class=\"fusion-fullwidth fullwidth-box fusion-builder-row-1-2 nonhundred-percent-fullwidth non-hundred-percent-height-scrolling\" style=\"--awb-border-radius-top-left:0px;--awb-border-radius-top-right:0px;--awb-border-radius-bottom-right:0px;--awb-border-radius-bottom-left:0px;--awb-flex-wrap:wrap;\" ><div class=\"fusion-builder-row fusion-row\"><div class=\"fusion-layout-column fusion_builder_column fusion-builder-column-2 fusion_builder_column_1_1 1_1 fusion-one-full fusion-column-first fusion-column-last\" style=\"--awb-padding-top:;--awb-padding-right:;--awb-padding-bottom:;--awb-padding-left:;--awb-bg-size:cover;\"><div class=\"fusion-column-wrapper fusion-flex-column-wrapper-legacy\"><div class=\"fusion-text fusion-text-2\"><p>Tout simplement en identifiant les failles de science du b\u00e2timent \u00e0 l\u2019origine du probl\u00e8me et en mettant en \u0153uvre des solutions \u00e9prouv\u00e9es pour le r\u00e9soudre.<\/p>\n<\/div><div class=\"fusion-clearfix\"><\/div><\/div><\/div><\/div><\/div>\n<\/div><\/div><\/div><div class=\"fusion-panel panel-default fusion-faq-post fusion-faq-post-1040 moissisure \"><span class=\"entry-title rich-snippet-hidden\">Qu\u2019est-ce qui peut rendre mon sous-sol humide?<\/span><div class=\"panel-heading\"><h4 id=\"faq_1-1040\" class=\"panel-title toggle\"><a data-toggle=\"collapse\" class=\"collapsed\" data-parent=\"#accordian-1\" data-target=\"#collapse-1-1040\" href=\"#collapse-1-1040\" aria-expanded=\"false\"><div class=\"fusion-toggle-icon-wrapper\"><div class=\"fusion-toggle-icon-wrapper-main\"><div class=\"fusion-toggle-icon-wrapper-sub\"><i class=\"fa-fusion-box active-icon awb-icon-minus\" aria-hidden=\"true\"><\/i><i class=\"fa-fusion-box inactive-icon awb-icon-plus\" aria-hidden=\"true\"><\/i><\/div><\/div><\/div><div class=\"fusion-toggle-heading\">Qu\u2019est-ce qui peut rendre mon sous-sol humide?<\/div><\/a><\/h4><\/div><div id=\"collapse-1-1040\" aria-labelledby=\"faq_1-1040\" class=\"panel-collapse collapse\"><div class=\"panel-body toggle-content post-content\"><div class=\"fusion-fullwidth fullwidth-box fusion-builder-row-1-3 nonhundred-percent-fullwidth non-hundred-percent-height-scrolling\" style=\"--awb-border-radius-top-left:0px;--awb-border-radius-top-right:0px;--awb-border-radius-bottom-right:0px;--awb-border-radius-bottom-left:0px;--awb-flex-wrap:wrap;\" ><div class=\"fusion-builder-row fusion-row\"><div class=\"fusion-layout-column fusion_builder_column fusion-builder-column-3 fusion_builder_column_1_1 1_1 fusion-one-full fusion-column-first fusion-column-last\" style=\"--awb-bg-size:cover;\"><div class=\"fusion-column-wrapper fusion-flex-column-wrapper-legacy\"><div class=\"fusion-text fusion-text-3\"><ul>\n<li>Des failles dans la science du b\u00e2timent ou des vices dans l\u2019enveloppe du b\u00e2timent<\/li>\n<li>Des fuites d\u2019eau dans le toit, les fen\u00eatres, les portes ou le solin<\/li>\n<li>De la condensation \u00e0 l\u2019int\u00e9rieur des cavit\u00e9s murales ou autour du mur et des interrupteurs<\/li>\n<li>De la pression de vapeur sous la dalle du sous-sol et fissures dans les murs<\/li>\n<li>Un mauvais nivellement qui fait que l\u2019eau ruisselle vers le b\u00e2timent<\/li>\n<li>Un exc\u00e8s d\u2019humidification<\/li>\n<li>Une mauvaise ventilation<\/li>\n<li>L\u2019absence de goutti\u00e8res pour \u00e9vacuer les eaux pluviales<\/li>\n<\/ul>\n<\/div><div class=\"fusion-clearfix\"><\/div><\/div><\/div><\/div><\/div>\n<\/div><\/div><\/div><div class=\"fusion-panel panel-default fusion-faq-post fusion-faq-post-1042 moissisure \"><span class=\"entry-title rich-snippet-hidden\">\u00c7a sent quoi, les moisissures?<\/span><div class=\"panel-heading\"><h4 id=\"faq_1-1042\" class=\"panel-title toggle\"><a data-toggle=\"collapse\" class=\"collapsed\" data-parent=\"#accordian-1\" data-target=\"#collapse-1-1042\" href=\"#collapse-1-1042\" aria-expanded=\"false\"><div class=\"fusion-toggle-icon-wrapper\"><div class=\"fusion-toggle-icon-wrapper-main\"><div class=\"fusion-toggle-icon-wrapper-sub\"><i class=\"fa-fusion-box active-icon awb-icon-minus\" aria-hidden=\"true\"><\/i><i class=\"fa-fusion-box inactive-icon awb-icon-plus\" aria-hidden=\"true\"><\/i><\/div><\/div><\/div><div class=\"fusion-toggle-heading\">\u00c7a sent quoi, les moisissures?<\/div><\/a><\/h4><\/div><div id=\"collapse-1-1042\" aria-labelledby=\"faq_1-1042\" class=\"panel-collapse collapse\"><div class=\"panel-body toggle-content post-content\"><div class=\"fusion-fullwidth fullwidth-box fusion-builder-row-1-4 nonhundred-percent-fullwidth non-hundred-percent-height-scrolling\" style=\"--awb-border-radius-top-left:0px;--awb-border-radius-top-right:0px;--awb-border-radius-bottom-right:0px;--awb-border-radius-bottom-left:0px;--awb-flex-wrap:wrap;\" ><div class=\"fusion-builder-row fusion-row\"><div class=\"fusion-layout-column fusion_builder_column fusion-builder-column-4 fusion_builder_column_1_1 1_1 fusion-one-full fusion-column-first fusion-column-last\" style=\"--awb-bg-size:cover;\"><div class=\"fusion-column-wrapper fusion-flex-column-wrapper-legacy\"><div class=\"fusion-text fusion-text-4\"><p>Souvent, les occupants se plaignent d\u2019odeur de moisi, de terre et d\u2019humidit\u00e9 qu\u2019ils remarquent lorsqu\u2019ils descendent au sous-sol.<\/p>\n<\/div><div class=\"fusion-clearfix\"><\/div><\/div><\/div><\/div><\/div>\n<\/div><\/div><\/div><div class=\"fusion-panel panel-default fusion-faq-post fusion-faq-post-1044 moissisure \"><span class=\"entry-title rich-snippet-hidden\">Je ne vois pas d\u2019eau dans mon sous-sol, comment peut-il y avoir des moisissures?<\/span><div class=\"panel-heading\"><h4 id=\"faq_1-1044\" class=\"panel-title toggle\"><a data-toggle=\"collapse\" class=\"collapsed\" data-parent=\"#accordian-1\" data-target=\"#collapse-1-1044\" href=\"#collapse-1-1044\" aria-expanded=\"false\"><div class=\"fusion-toggle-icon-wrapper\"><div class=\"fusion-toggle-icon-wrapper-main\"><div class=\"fusion-toggle-icon-wrapper-sub\"><i class=\"fa-fusion-box active-icon awb-icon-minus\" aria-hidden=\"true\"><\/i><i class=\"fa-fusion-box inactive-icon awb-icon-plus\" aria-hidden=\"true\"><\/i><\/div><\/div><\/div><div class=\"fusion-toggle-heading\">Je ne vois pas d\u2019eau dans mon sous-sol, comment peut-il y avoir des moisissures?<\/div><\/a><\/h4><\/div><div id=\"collapse-1-1044\" aria-labelledby=\"faq_1-1044\" class=\"panel-collapse collapse\"><div class=\"panel-body toggle-content post-content\"><div class=\"fusion-fullwidth fullwidth-box fusion-builder-row-1-5 nonhundred-percent-fullwidth non-hundred-percent-height-scrolling\" style=\"--awb-border-radius-top-left:0px;--awb-border-radius-top-right:0px;--awb-border-radius-bottom-right:0px;--awb-border-radius-bottom-left:0px;--awb-flex-wrap:wrap;\" ><div class=\"fusion-builder-row fusion-row\"><div class=\"fusion-layout-column fusion_builder_column fusion-builder-column-5 fusion_builder_column_1_1 1_1 fusion-one-full fusion-column-first fusion-column-last\" style=\"--awb-bg-size:cover;\"><div class=\"fusion-column-wrapper fusion-flex-column-wrapper-legacy\"><div class=\"fusion-text fusion-text-5\"><p>En r\u00e8gle g\u00e9n\u00e9rale, les occupants des lieux remarquent les moisissures \u00e0 l\u2019odeur avant de voir la moindre trace de taches. Les moisissures ont besoin de nourriture et d\u2019humidit\u00e9 pour se d\u00e9velopper. Elles peuvent se nourrir de tout produit naturel, comme le papier, les poussi\u00e8res, le bois ou les cellules de la peau (mati\u00e8res organiques). Des fuites d\u2019eau, de la condensation ou un ph\u00e9nom\u00e8ne d\u2019osmose peuvent rendre un environnement humide.<\/p>\n<\/div><div class=\"fusion-clearfix\"><\/div><\/div><\/div><\/div><\/div>\n<\/div><\/div><\/div><div class=\"fusion-panel panel-default fusion-faq-post fusion-faq-post-1046 moissisure \"><span class=\"entry-title rich-snippet-hidden\">Qu\u2019est-ce qui provoque le d\u00e9veloppement de moisissures dans les b\u00e2timents?<\/span><div class=\"panel-heading\"><h4 id=\"faq_1-1046\" class=\"panel-title toggle\"><a data-toggle=\"collapse\" class=\"collapsed\" data-parent=\"#accordian-1\" data-target=\"#collapse-1-1046\" href=\"#collapse-1-1046\" aria-expanded=\"false\"><div class=\"fusion-toggle-icon-wrapper\"><div class=\"fusion-toggle-icon-wrapper-main\"><div class=\"fusion-toggle-icon-wrapper-sub\"><i class=\"fa-fusion-box active-icon awb-icon-minus\" aria-hidden=\"true\"><\/i><i class=\"fa-fusion-box inactive-icon awb-icon-plus\" aria-hidden=\"true\"><\/i><\/div><\/div><\/div><div class=\"fusion-toggle-heading\">Qu\u2019est-ce qui provoque le d\u00e9veloppement de moisissures dans les b\u00e2timents?<\/div><\/a><\/h4><\/div><div id=\"collapse-1-1046\" aria-labelledby=\"faq_1-1046\" class=\"panel-collapse collapse\"><div class=\"panel-body toggle-content post-content\"><div class=\"fusion-fullwidth fullwidth-box fusion-builder-row-1-6 nonhundred-percent-fullwidth non-hundred-percent-height-scrolling\" style=\"--awb-border-radius-top-left:0px;--awb-border-radius-top-right:0px;--awb-border-radius-bottom-right:0px;--awb-border-radius-bottom-left:0px;--awb-flex-wrap:wrap;\" ><div class=\"fusion-builder-row fusion-row\"><div class=\"fusion-layout-column fusion_builder_column fusion-builder-column-6 fusion_builder_column_1_1 1_1 fusion-one-full fusion-column-first fusion-column-last\" style=\"--awb-padding-top:;--awb-padding-right:;--awb-padding-bottom:;--awb-padding-left:;--awb-bg-size:cover;\"><div class=\"fusion-column-wrapper fusion-flex-column-wrapper-legacy\"><div class=\"fusion-text fusion-text-6\"><p>Une chose, et une seule : des failles dans la construction du b\u00e2timent. Seulement. La pr\u00e9sence de moiteur ou un fort taux d\u2019humidit\u00e9, des fuites d\u2019eau, de la condensation et une mauvaise ventilation sont quelques exemples. L\u2019\u00e9quation humidit\u00e9 \u00e9lev\u00e9e plus mati\u00e8re organique (par exemple, un sol humide en ciment et des bo\u00eetes en carton) entra\u00eene le d\u00e9veloppement de moisissures. Le cycle de d\u00e9veloppement des moisissures dans nos maisons ou nos b\u00e2timents commence par cette r\u00e9action entre des mat\u00e9riaux d\u2019origine naturelle et de l\u2019humidit\u00e9.<\/p>\n<\/div><div class=\"fusion-clearfix\"><\/div><\/div><\/div><\/div><\/div>\n<\/div><\/div><\/div><\/div><\/div><\/div><\/div><div class=\"fusion-clearfix\"><\/div><\/div><\/div><\/div><\/div>\n","protected":false},"excerpt":{"rendered":"","protected":false},"author":5,"featured_media":0,"parent":0,"menu_order":0,"comment_status":"closed","ping_status":"closed","template":"","meta":{"ngg_post_thumbnail":0,"footnotes":""},"tags":[],"class_list":["post-1032","page","type-page","status-publish","hentry"],"yoast_head":"<!-- This site is optimized with the Yoast SEO plugin v27.4 - https:\/\/yoast.com\/product\/yoast-seo-wordpress\/ -->\n<title>FAQ - Indoor Air Quality Ottawa<\/title>\n<meta name=\"description\" content=\"Our client&#039;s most frequently asked questions! Read more to learn about what causes mold to grow in basements and other FAQs:\" \/>\n<meta name=\"robots\" content=\"index, follow, max-snippet:-1, max-image-preview:large, max-video-preview:-1\" \/>\n<link rel=\"canonical\" href=\"https:\/\/indoorairqualityottawa.ca\/fr\/faq\/\" \/>\n<meta property=\"og:locale\" content=\"fr_FR\" \/>\n<meta property=\"og:type\" content=\"article\" \/>\n<meta property=\"og:title\" content=\"FAQ - Indoor Air Quality Ottawa\" \/>\n<meta property=\"og:description\" content=\"Our client&#039;s most frequently asked questions! Read more to learn about what causes mold to grow in basements and other FAQs:\" \/>\n<meta property=\"og:url\" content=\"https:\/\/indoorairqualityottawa.ca\/fr\/faq\/\" \/>\n<meta property=\"og:site_name\" content=\"Indoor Air Quality Ottawa\" \/>\n<meta property=\"article:publisher\" content=\"https:\/\/www.facebook.com\/Indoor-Air-Quality-Ottawa-657903714377013\/\" \/>\n<meta name=\"twitter:card\" content=\"summary_large_image\" \/>\n<meta name=\"twitter:label1\" content=\"Dur\u00e9e de lecture estim\u00e9e\" \/>\n\t<meta name=\"twitter:data1\" content=\"1 minute\" \/>\n<script type=\"application\/ld+json\" class=\"yoast-schema-graph\">{\"@context\":\"https:\\\/\\\/schema.org\",\"@graph\":[{\"@type\":\"WebPage\",\"@id\":\"https:\\\/\\\/indoorairqualityottawa.ca\\\/fr\\\/faq\\\/\",\"url\":\"https:\\\/\\\/indoorairqualityottawa.ca\\\/fr\\\/faq\\\/\",\"name\":\"FAQ - Indoor Air Quality Ottawa\",\"isPartOf\":{\"@id\":\"https:\\\/\\\/indoorairqualityottawa.ca\\\/fr\\\/#website\"},\"datePublished\":\"2019-06-03T12:41:49+00:00\",\"description\":\"Our client's most frequently asked questions! Read more to learn about what causes mold to grow in basements and other FAQs:\",\"breadcrumb\":{\"@id\":\"https:\\\/\\\/indoorairqualityottawa.ca\\\/fr\\\/faq\\\/#breadcrumb\"},\"inLanguage\":\"fr-FR\",\"potentialAction\":[{\"@type\":\"ReadAction\",\"target\":[\"https:\\\/\\\/indoorairqualityottawa.ca\\\/fr\\\/faq\\\/\"]}]},{\"@type\":\"BreadcrumbList\",\"@id\":\"https:\\\/\\\/indoorairqualityottawa.ca\\\/fr\\\/faq\\\/#breadcrumb\",\"itemListElement\":[{\"@type\":\"ListItem\",\"position\":1,\"name\":\"Indoor Air Quality Ottawa\",\"item\":\"https:\\\/\\\/indoorairqualityottawa.ca\\\/fr\\\/\"},{\"@type\":\"ListItem\",\"position\":2,\"name\":\"FAQ\"}]},{\"@type\":\"WebSite\",\"@id\":\"https:\\\/\\\/indoorairqualityottawa.ca\\\/fr\\\/#website\",\"url\":\"https:\\\/\\\/indoorairqualityottawa.ca\\\/fr\\\/\",\"name\":\"Indoor Air Quality Ottawa\",\"description\":\"We Only Sell Good Advice\",\"potentialAction\":[{\"@type\":\"SearchAction\",\"target\":{\"@type\":\"EntryPoint\",\"urlTemplate\":\"https:\\\/\\\/indoorairqualityottawa.ca\\\/fr\\\/?s={search_term_string}\"},\"query-input\":{\"@type\":\"PropertyValueSpecification\",\"valueRequired\":true,\"valueName\":\"search_term_string\"}}],\"inLanguage\":\"fr-FR\"}]}<\/script>\n<!-- \/ Yoast SEO plugin. -->","yoast_head_json":{"title":"FAQ - Indoor Air Quality Ottawa","description":"Our client's most frequently asked questions! Read more to learn about what causes mold to grow in basements and other FAQs:","robots":{"index":"index","follow":"follow","max-snippet":"max-snippet:-1","max-image-preview":"max-image-preview:large","max-video-preview":"max-video-preview:-1"},"canonical":"https:\/\/indoorairqualityottawa.ca\/fr\/faq\/","og_locale":"fr_FR","og_type":"article","og_title":"FAQ - Indoor Air Quality Ottawa","og_description":"Our client's most frequently asked questions! Read more to learn about what causes mold to grow in basements and other FAQs:","og_url":"https:\/\/indoorairqualityottawa.ca\/fr\/faq\/","og_site_name":"Indoor Air Quality Ottawa","article_publisher":"https:\/\/www.facebook.com\/Indoor-Air-Quality-Ottawa-657903714377013\/","twitter_card":"summary_large_image","twitter_misc":{"Dur\u00e9e de lecture estim\u00e9e":"1 minute"},"schema":{"@context":"https:\/\/schema.org","@graph":[{"@type":"WebPage","@id":"https:\/\/indoorairqualityottawa.ca\/fr\/faq\/","url":"https:\/\/indoorairqualityottawa.ca\/fr\/faq\/","name":"FAQ - Indoor Air Quality Ottawa","isPartOf":{"@id":"https:\/\/indoorairqualityottawa.ca\/fr\/#website"},"datePublished":"2019-06-03T12:41:49+00:00","description":"Our client's most frequently asked questions! Read more to learn about what causes mold to grow in basements and other FAQs:","breadcrumb":{"@id":"https:\/\/indoorairqualityottawa.ca\/fr\/faq\/#breadcrumb"},"inLanguage":"fr-FR","potentialAction":[{"@type":"ReadAction","target":["https:\/\/indoorairqualityottawa.ca\/fr\/faq\/"]}]},{"@type":"BreadcrumbList","@id":"https:\/\/indoorairqualityottawa.ca\/fr\/faq\/#breadcrumb","itemListElement":[{"@type":"ListItem","position":1,"name":"Indoor Air Quality Ottawa","item":"https:\/\/indoorairqualityottawa.ca\/fr\/"},{"@type":"ListItem","position":2,"name":"FAQ"}]},{"@type":"WebSite","@id":"https:\/\/indoorairqualityottawa.ca\/fr\/#website","url":"https:\/\/indoorairqualityottawa.ca\/fr\/","name":"Indoor Air Quality Ottawa","description":"We Only Sell Good Advice","potentialAction":[{"@type":"SearchAction","target":{"@type":"EntryPoint","urlTemplate":"https:\/\/indoorairqualityottawa.ca\/fr\/?s={search_term_string}"},"query-input":{"@type":"PropertyValueSpecification","valueRequired":true,"valueName":"search_term_string"}}],"inLanguage":"fr-FR"}]}},"_links":{"self":[{"href":"https:\/\/indoorairqualityottawa.ca\/fr\/wp-json\/wp\/v2\/pages\/1032","targetHints":{"allow":["GET"]}}],"collection":[{"href":"https:\/\/indoorairqualityottawa.ca\/fr\/wp-json\/wp\/v2\/pages"}],"about":[{"href":"https:\/\/indoorairqualityottawa.ca\/fr\/wp-json\/wp\/v2\/types\/page"}],"author":[{"embeddable":true,"href":"https:\/\/indoorairqualityottawa.ca\/fr\/wp-json\/wp\/v2\/users\/5"}],"replies":[{"embeddable":true,"href":"https:\/\/indoorairqualityottawa.ca\/fr\/wp-json\/wp\/v2\/comments?post=1032"}],"version-history":[{"count":0,"href":"https:\/\/indoorairqualityottawa.ca\/fr\/wp-json\/wp\/v2\/pages\/1032\/revisions"}],"wp:attachment":[{"href":"https:\/\/indoorairqualityottawa.ca\/fr\/wp-json\/wp\/v2\/media?parent=1032"}],"wp:term":[{"taxonomy":"post_tag","embeddable":true,"href":"https:\/\/indoorairqualityottawa.ca\/fr\/wp-json\/wp\/v2\/tags?post=1032"}],"curies":[{"name":"wp","href":"https:\/\/api.w.org\/{rel}","templated":true}]}}