{"id":988,"date":"2019-06-03T07:47:59","date_gmt":"2019-06-03T11:47:59","guid":{"rendered":"https:\/\/indoor-air-quality-ottawa.local\/a-propos\/"},"modified":"2021-09-28T10:52:37","modified_gmt":"2021-09-28T14:52:37","slug":"a-propos","status":"publish","type":"page","link":"https:\/\/indoorairqualityottawa.ca\/fr\/a-propos\/","title":{"rendered":"\u00c0 Propos"},"content":{"rendered":"<p><div class=\"fusion-fullwidth fullwidth-box fusion-builder-row-1 nonhundred-percent-fullwidth non-hundred-percent-height-scrolling\" style=\"--awb-border-radius-top-left:0px;--awb-border-radius-top-right:0px;--awb-border-radius-bottom-right:0px;--awb-border-radius-bottom-left:0px;--awb-flex-wrap:wrap;\" ><div class=\"fusion-builder-row fusion-row\"><div class=\"fusion-layout-column fusion_builder_column fusion-builder-column-0 fusion_builder_column_1_1 1_1 fusion-one-full fusion-column-first fusion-column-last\" style=\"--awb-bg-size:cover;\"><div class=\"fusion-column-wrapper fusion-flex-column-wrapper-legacy\"><div class=\"fusion-title title fusion-title-1 fusion-sep-none fusion-title-text fusion-title-size-two\" style=\"--awb-margin-top-small:10px;--awb-margin-right-small:0px;--awb-margin-bottom-small:10px;--awb-margin-left-small:0px;\"><h2 class=\"fusion-title-heading title-heading-left fusion-responsive-typography-calculated\" style=\"margin:0;--fontSize:24;line-height:1.5;\">Engagez un expert-conseil en qualit\u00e9 de l\u2019air certifi\u00e9, professionnel, exp\u00e9riment\u00e9 et bien form\u00e9.<\/h2><\/div><div class=\"fusion-title title fusion-title-2 fusion-sep-none fusion-title-text fusion-title-size-three\" style=\"--awb-margin-bottom:15px;--awb-margin-top-small:10px;--awb-margin-right-small:0px;--awb-margin-bottom-small:10px;--awb-margin-left-small:0px;\"><h3 class=\"fusion-title-heading title-heading-left fusion-responsive-typography-calculated\" style=\"margin:0;--fontSize:21;--minFontSize:21;line-height:1.2;\">Ne jouez pas avec la sant\u00e9 de votre famille ou de vos collaborateurs.<\/h3><\/div><div class=\"fusion-text fusion-text-1\"><p>Indoor Air Quality Ottawa (IAQ Ottawa) m\u00e8ne \u00e0 bien des \u00e9valuations compl\u00e8tes de la qualit\u00e9 de l\u2019air depuis 2003. Nos experts-conseils ont 20 ans d\u2019exp\u00e9rience dans le domaine de la science du b\u00e2timent et de la g\u00e9rance de construction de grands b\u00e2timents, renforc\u00e9e par une formation compl\u00e8te et professionnelle sur la qualit\u00e9 de l\u2019air dispens\u00e9e par des institutions reconnues. Nous ma\u00eetrisons parfaitement la science du b\u00e2timent et nous avons une vaste exp\u00e9rience dans la construction, notamment dans la conception de syst\u00e8mes m\u00e9caniques et dans les \u00e9valuations environnementales de tout le milieu int\u00e9rieur.<\/p>\n<p>Nous sommes tr\u00e8s attach\u00e9s \u00e0 la formation. Nos inspecteurs ont la certification de Council-Certified Indoor Environmental Consultants (CIEC) et ont suivi le programme d\u2019inspection de la qualit\u00e9 de l\u2019air de la SCHL. Ils renouvellent leur certification tous les ans en participant \u00e0 aux programmes de formation continue et de recertification n\u00e9cessaires au maintien de leur accr\u00e9ditation professionnelle.<\/p>\n<p>Nous disposons d\u2019un mat\u00e9riel d\u2019\u00e9chantillonnage ultramoderne et recalibr\u00e9 par des professionnels deux fois par an.<\/p>\n<p>Nous n\u2019avons qu\u2019un but : d\u2019am\u00e9liorer la qualit\u00e9 de l\u2019air de votre domicile ou de votre entreprise. Nos experts-conseils peuvent d\u00e9celer et quantifier tous les types de probl\u00e8mes de qualit\u00e9 de l\u2019air int\u00e9rieur rencontr\u00e9s dans les b\u00e2timents modernes toujours plus \u00e9tanches, et apporter des solutions au probl\u00e8me.<\/p>\n<\/div><div class=\"fusion-clearfix\"><\/div><\/div><\/div><\/div><\/div><div class=\"fusion-fullwidth fullwidth-box fusion-builder-row-2 nonhundred-percent-fullwidth non-hundred-percent-height-scrolling\" style=\"--awb-border-radius-top-left:0px;--awb-border-radius-top-right:0px;--awb-border-radius-bottom-right:0px;--awb-border-radius-bottom-left:0px;--awb-background-color:#eaeaea;--awb-flex-wrap:wrap;\" ><div class=\"fusion-builder-row fusion-row\"><div class=\"fusion-layout-column fusion_builder_column fusion-builder-column-1 fusion_builder_column_1_1 1_1 fusion-one-full fusion-column-first fusion-column-last\" style=\"--awb-bg-size:cover;\"><div class=\"fusion-column-wrapper fusion-flex-column-wrapper-legacy\"><div class=\"fusion-title title fusion-title-3 fusion-sep-none fusion-title-text fusion-title-size-two\" style=\"--awb-margin-bottom:0px;--awb-margin-top-small:10px;--awb-margin-right-small:0px;--awb-margin-bottom-small:10px;--awb-margin-left-small:0px;\"><h2 class=\"fusion-title-heading title-heading-left fusion-responsive-typography-calculated\" style=\"margin:0;--fontSize:24;line-height:1.5;\">Les Inspecteurs \u00e0 votre service<\/h2><\/div><div class=\"fusion-text fusion-text-2\"><p><strong>Les comp\u00e9tences de votre expert-conseil de la qualit\u00e9 de l\u2019air<\/strong><\/p>\n<p>L\u2019\u00e9valuation compl\u00e8te de la qualit\u00e9 de l\u2019air d\u2019une habitation repose sur deux comp\u00e9tences distinctes :<\/p>\n<ol>\n<li>Une solide compr\u00e9hension de tous les param\u00e8tres de la mesure de la qualit\u00e9 de l\u2019air, notamment des agents chimiques et biologiques et des valeurs d\u2019exposition. Elle est coupl\u00e9e \u00e0 une bonne utilisation des outils et de l\u2019\u00e9quipement et \u00e0 l\u2019exp\u00e9rience n\u00e9cessaire permettant de recueillir des \u00e9chantillons et d\u2019\u00e9valuer de mani\u00e8re professionnelle les r\u00e9sultats.<\/li>\n<li>Des connaissances en mati\u00e8re de b\u00e2timent et de construction ainsi qu\u2019une solide exp\u00e9rience qui permettent de rep\u00e9rer le d\u00e9faut du syst\u00e8me m\u00e9canique\/b\u00e2timent qui a d\u00e9clench\u00e9 le probl\u00e8me de qualit\u00e9 de l\u2019air. Des connaissances en mati\u00e8re de b\u00e2timent et de construction ainsi qu\u2019une solide exp\u00e9rience qui permettent de rep\u00e9rer le d\u00e9faut du syst\u00e8me m\u00e9canique\/b\u00e2timent qui a d\u00e9clench\u00e9 le probl\u00e8me de qualit\u00e9 de l\u2019air.<\/li>\n<\/ol>\n<p>Nos techniciens qui travaillent en bin\u00f4me sont des inspecteurs d\u2019habitations certifi\u00e9s, habilit\u00e9s \u00e0 effectuer des \u00e9valuations compl\u00e8tes de la qualit\u00e9 de l\u2019air.<\/p>\n<\/div><div class=\"fusion-clearfix\"><\/div><\/div><\/div><\/div><\/div><div class=\"fusion-fullwidth fullwidth-box fusion-builder-row-3 hundred-percent-fullwidth non-hundred-percent-height-scrolling logos\" style=\"--awb-border-radius-top-left:0px;--awb-border-radius-top-right:0px;--awb-border-radius-bottom-right:0px;--awb-border-radius-bottom-left:0px;--awb-padding-top:5px;--awb-padding-right:0px;--awb-padding-bottom:5px;--awb-padding-left:0px;--awb-background-color:#ffffff;--awb-flex-wrap:wrap;\" ><div class=\"fusion-builder-row fusion-row\"><div class=\"fusion-layout-column fusion_builder_column fusion-builder-column-2 fusion_builder_column_1_1 1_1 fusion-one-full fusion-column-first fusion-column-last\" style=\"--awb-bg-blend:overlay;--awb-bg-size:cover;\"><div class=\"fusion-column-wrapper fusion-flex-column-wrapper-legacy\"><div class=\"fusion-column-content-centered\"><div class=\"fusion-column-content\"><div class=\"fusion-text fusion-text-3\"><p class=\"alignnone\"><img decoding=\"async\" class=\"alignnone size-full wp-image-505\" src=\"https:\/\/indoorairqualityottawa.ca\/wp-content\/uploads\/2018\/02\/Infrared-AIQO-BW.png\" alt=\"\" width=\"150\" height=\"150\" srcset=\"https:\/\/indoorairqualityottawa.ca\/wp-content\/uploads\/2018\/02\/Infrared-AIQO-BW-66x66.png 66w, https:\/\/indoorairqualityottawa.ca\/wp-content\/uploads\/2018\/02\/Infrared-AIQO-BW.png 150w\" sizes=\"(max-width: 150px) 100vw, 150px\" \/><img decoding=\"async\" class=\"alignnone size-thumbnail wp-image-296\" style=\"max-width: none;\" src=\"https:\/\/indoorairqualityottawa.ca\/wp-content\/uploads\/2025\/10\/CIEC.png\" alt=\"\" width=\"150\" height=\"150\"><img decoding=\"async\" class=\"wp-image-285 size-thumbnail\" src=\"https:\/\/indoorairqualityottawa.ca\/wp-content\/uploads\/2017\/03\/IAQA-Logo-150x150.png\" alt=\"\" width=\"150\" height=\"150\" srcset=\"https:\/\/indoorairqualityottawa.ca\/wp-content\/uploads\/2017\/03\/IAQA-Logo-66x66.png 66w, https:\/\/indoorairqualityottawa.ca\/wp-content\/uploads\/2017\/03\/IAQA-Logo-150x150.png 150w, https:\/\/indoorairqualityottawa.ca\/wp-content\/uploads\/2017\/03\/IAQA-Logo-200x200.png 200w, https:\/\/indoorairqualityottawa.ca\/wp-content\/uploads\/2017\/03\/IAQA-Logo.png 250w\" sizes=\"(max-width: 150px) 100vw, 150px\" \/><img decoding=\"async\" class=\"wp-image-282 size-thumbnail\" src=\"https:\/\/indoorairqualityottawa.ca\/wp-content\/uploads\/2017\/03\/ABRA-Logo-150x150.png\" alt=\"\" width=\"150\" height=\"150\" srcset=\"https:\/\/indoorairqualityottawa.ca\/wp-content\/uploads\/2017\/03\/ABRA-Logo-66x66.png 66w, https:\/\/indoorairqualityottawa.ca\/wp-content\/uploads\/2017\/03\/ABRA-Logo-150x150.png 150w, https:\/\/indoorairqualityottawa.ca\/wp-content\/uploads\/2017\/03\/ABRA-Logo-200x200.png 200w, https:\/\/indoorairqualityottawa.ca\/wp-content\/uploads\/2017\/03\/ABRA-Logo.png 250w\" sizes=\"(max-width: 150px) 100vw, 150px\" \/> <img decoding=\"async\" class=\"size-thumbnail\" src=\"https:\/\/indoorairqualityottawa.ca\/wp-content\/uploads\/2019\/06\/Logo_B-of-Hometsars-2018-Blue.png\" alt=\"HomeStars Awards 2018\" width=\"150\" height=\"150\"> <img decoding=\"async\" class=\"size-thumbnail\" src=\"https:\/\/indoorairqualityottawa.ca\/wp-content\/uploads\/2019\/06\/Logo_B-of-Hometsars-2019-Black.png\" alt=\"HomeStars Awards 2019\" width=\"150\" height=\"150\"> <img decoding=\"async\" class=\"size-thumbnail\" src=\"https:\/\/indoorairqualityottawa.ca\/wp-content\/uploads\/2020\/02\/homestars-best-of-2020.png\" alt=\"HomeStars Awards 2020\" width=\"150\"> <img decoding=\"async\" class=\"size-thumbnail\" style=\"margin-top: 3%;\" src=\"https:\/\/indoorairqualityottawa.ca\/wp-content\/uploads\/2020\/02\/NRPP.jpg\" alt=\"National Radon Proficiency Program\" width=\"150\" height=\"150\"> <img decoding=\"async\" class=\"size-thumbnail\" style=\"margin-top: 3%;\" src=\"https:\/\/indoorairqualityottawa.ca\/wp-content\/uploads\/2020\/03\/cfa-member-logo.gif\" alt=\"Canadian Franchise Association Member\" width=\"150\" height=\"150\"> <img decoding=\"async\" class=\"size-thumbnail\" src=\"https:\/\/indoorairqualityottawa.ca\/wp-content\/uploads\/2020\/07\/RecognitionAwards_2020Special.png\" alt=\"Canadian Franchise Association Recognition Award\" width=\"150\" height=\"150\"><img decoding=\"async\" class=\"size-thumbnail\" src=\"https:\/\/indoorairqualityottawa.ca\/wp-content\/uploads\/2021\/09\/badge-10514.jpg\" alt=\"\" width=\"150\" height=\"150\"><img decoding=\"async\" class=\"size-thumbnail\" src=\"https:\/\/indoorairqualityottawa.ca\/wp-content\/uploads\/2021\/09\/badge-10511.jpg\" alt=\"\" width=\"150\" height=\"150\"><a href=\"https:\/\/www.bestinottawa.com\/best-mold-inspection-and-testing-ottawa\/\" target=\"_blank\" rel=\"noopener\"><img decoding=\"async\" class=\"aligncenter size-thumbnail wp-image-1741\" style=\"display: inline;\" src=\"https:\/\/indoorairqualityottawa.ca\/wp-content\/uploads\/2022\/09\/bestinottawa-150x150.png\" alt=\"\" width=\"150\" height=\"150\" srcset=\"https:\/\/indoorairqualityottawa.ca\/wp-content\/uploads\/2022\/09\/bestinottawa-66x66.png 66w, https:\/\/indoorairqualityottawa.ca\/wp-content\/uploads\/2022\/09\/bestinottawa-150x150.png 150w, https:\/\/indoorairqualityottawa.ca\/wp-content\/uploads\/2022\/09\/bestinottawa-200x200.png 200w, https:\/\/indoorairqualityottawa.ca\/wp-content\/uploads\/2022\/09\/bestinottawa-300x300.png 300w, https:\/\/indoorairqualityottawa.ca\/wp-content\/uploads\/2022\/09\/bestinottawa-400x400.png 400w, https:\/\/indoorairqualityottawa.ca\/wp-content\/uploads\/2022\/09\/bestinottawa-600x600.png 600w, https:\/\/indoorairqualityottawa.ca\/wp-content\/uploads\/2022\/09\/bestinottawa-768x768.png 768w, https:\/\/indoorairqualityottawa.ca\/wp-content\/uploads\/2022\/09\/bestinottawa-800x800.png 800w, https:\/\/indoorairqualityottawa.ca\/wp-content\/uploads\/2022\/09\/bestinottawa-1024x1024.png 1024w, https:\/\/indoorairqualityottawa.ca\/wp-content\/uploads\/2022\/09\/bestinottawa-1200x1200.png 1200w, https:\/\/indoorairqualityottawa.ca\/wp-content\/uploads\/2022\/09\/bestinottawa-1536x1536.png 1536w, https:\/\/indoorairqualityottawa.ca\/wp-content\/uploads\/2022\/09\/bestinottawa.png 1920w\" sizes=\"(max-width: 150px) 100vw, 150px\" \/><\/a><img decoding=\"async\" class=\"aligncenter size-thumbnail wp-image-1741\" style=\"display: inline;\" src=\"https:\/\/indoorairqualityottawa.ca\/wp-content\/uploads\/2023\/06\/cflogo.png\" alt=\"\" width=\"150\" height=\"150\"><img decoding=\"async\" class=\"aligncenter wp-image-1741 size-thumbnail\" style=\"display: inline;\" src=\"https:\/\/indoorairqualityottawa.ca\/wp-content\/uploads\/2024\/01\/ITC-Certification-Logo-2023-2027-2-2-1.jpg\" alt=\"\" width=\"150\" height=\"150\"> <img data-dominant-color=\"dc8081\" data-has-transparency=\"false\" style=\"--dominant-color: #dc8081;\" decoding=\"async\" class=\"alignnone wp-image-2122 not-transparent\" src=\"https:\/\/indoorairqualityottawa.ca\/wp-content\/uploads\/2025\/12\/IndoorAirQualityOttawaCompanySeal-2-300x300.avif\" alt=\"\" width=\"160\" height=\"160\" srcset=\"https:\/\/indoorairqualityottawa.ca\/wp-content\/uploads\/2025\/12\/IndoorAirQualityOttawaCompanySeal-2-66x66.avif 66w, https:\/\/indoorairqualityottawa.ca\/wp-content\/uploads\/2025\/12\/IndoorAirQualityOttawaCompanySeal-2-150x150.avif 150w, https:\/\/indoorairqualityottawa.ca\/wp-content\/uploads\/2025\/12\/IndoorAirQualityOttawaCompanySeal-2-200x200.avif 200w, https:\/\/indoorairqualityottawa.ca\/wp-content\/uploads\/2025\/12\/IndoorAirQualityOttawaCompanySeal-2-300x300.avif 300w, https:\/\/indoorairqualityottawa.ca\/wp-content\/uploads\/2025\/12\/IndoorAirQualityOttawaCompanySeal-2-400x400.avif 400w, https:\/\/indoorairqualityottawa.ca\/wp-content\/uploads\/2025\/12\/IndoorAirQualityOttawaCompanySeal-2-600x600.avif 600w, https:\/\/indoorairqualityottawa.ca\/wp-content\/uploads\/2025\/12\/IndoorAirQualityOttawaCompanySeal-2-768x768.avif 768w, https:\/\/indoorairqualityottawa.ca\/wp-content\/uploads\/2025\/12\/IndoorAirQualityOttawaCompanySeal-2-800x800.avif 800w, https:\/\/indoorairqualityottawa.ca\/wp-content\/uploads\/2025\/12\/IndoorAirQualityOttawaCompanySeal-2-1024x1024.avif 1024w, https:\/\/indoorairqualityottawa.ca\/wp-content\/uploads\/2025\/12\/IndoorAirQualityOttawaCompanySeal-2-1200x1199.avif 1200w, https:\/\/indoorairqualityottawa.ca\/wp-content\/uploads\/2025\/12\/IndoorAirQualityOttawaCompanySeal-2-1536x1536.avif 1536w, https:\/\/indoorairqualityottawa.ca\/wp-content\/uploads\/2025\/12\/IndoorAirQualityOttawaCompanySeal-2.avif 1702w\" sizes=\"(max-width: 160px) 100vw, 160px\" \/><\/p>\n<\/div><\/div><\/div><div class=\"fusion-clearfix\"><\/div><\/div><\/div><\/div><\/div>\n<div class=\"fusion-fullwidth fullwidth-box fusion-builder-row-4 nonhundred-percent-fullwidth non-hundred-percent-height-scrolling\" style=\"--awb-border-sizes-top:1px;--awb-border-sizes-bottom:1px;--awb-border-sizes-left:0px;--awb-border-sizes-right:0px;--awb-border-color:#dddddd;--awb-border-radius-top-left:0px;--awb-border-radius-top-right:0px;--awb-border-radius-bottom-right:0px;--awb-border-radius-bottom-left:0px;--awb-background-color:#e8edc9;--awb-flex-wrap:wrap;\" ><div class=\"fusion-builder-row fusion-row\"><div class=\"fusion-layout-column fusion_builder_column fusion-builder-column-3 fusion_builder_column_1_1 1_1 fusion-one-full fusion-column-first fusion-column-last\" style=\"--awb-bg-size:cover;\"><div class=\"fusion-column-wrapper fusion-flex-column-wrapper-legacy\"><div class=\"fusion-title title fusion-title-4 fusion-sep-none fusion-title-center fusion-title-text fusion-title-size-three\" style=\"--awb-margin-top-small:10px;--awb-margin-right-small:0px;--awb-margin-bottom-small:10px;--awb-margin-left-small:0px;\"><h3 class=\"fusion-title-heading title-heading-center fusion-responsive-typography-calculated\" style=\"margin:0;--fontSize:21;--minFontSize:21;line-height:1.2;\">Nos techniciens qui travaillent en bin\u00f4me sont des inspecteurs d\u2019habitations certifi\u00e9s, habilit\u00e9s \u00e0 effectuer des \u00e9valuations compl\u00e8tes de la qualit\u00e9 de l\u2019air.<\/h3><\/div><div class=\"fusion-title title fusion-title-5 fusion-sep-none fusion-title-center fusion-title-text fusion-title-size-three\" style=\"--awb-margin-bottom:20px;--awb-margin-top-small:10px;--awb-margin-right-small:0px;--awb-margin-bottom-small:10px;--awb-margin-left-small:0px;\"><h3 class=\"fusion-title-heading title-heading-center fusion-responsive-typography-calculated\" style=\"margin:0;--fontSize:21;--minFontSize:21;line-height:1.2;\">Composez le&nbsp;<a href=\"tel:+16138210035\">(613) 821-0035<\/a> et demandez un devis<\/h3><\/div><div class=\"fusion-aligncenter\"><a class=\"fusion-button button-flat fusion-button-default-size button-default fusion-button-default button-1 fusion-button-default-span fusion-button-default-type\" target=\"_self\" title=\"Contactez Indoor Air Quality Ottawa\" aria-label=\"Contactez Indoor Air Quality Ottawa\" href=\"\/?page_id=231\"><span class=\"fusion-button-text awb-button__text awb-button__text--default\">Remplir le formulaire de contact<\/span><\/a><\/div><div class=\"fusion-clearfix\"><\/div><\/div><\/div><\/div><\/div><\/p>\n","protected":false},"excerpt":{"rendered":"","protected":false},"author":5,"featured_media":0,"parent":0,"menu_order":0,"comment_status":"closed","ping_status":"closed","template":"100-width.php","meta":{"ngg_post_thumbnail":0,"footnotes":""},"tags":[],"class_list":["post-988","page","type-page","status-publish","hentry"],"yoast_head":"<!-- This site is optimized with the Yoast SEO plugin v27.5 - https:\/\/yoast.com\/product\/yoast-seo-wordpress\/ -->\n<title>\u00c0 Propos | Indoor Air Quality Ottawa<\/title>\n<meta name=\"description\" content=\"Besoin d&#039;un expert-conseil en qualit\u00e9 de l\u2019air? Communiquez avec nous \u00e0 Indoor Air Quality Ottawa pour vous assurer que votre propri\u00e9t\u00e9 est s\u00e9curitaire, confortable et propre :\" \/>\n<meta name=\"robots\" content=\"index, follow, max-snippet:-1, max-image-preview:large, max-video-preview:-1\" \/>\n<link rel=\"canonical\" href=\"https:\/\/indoorairqualityottawa.ca\/fr\/a-propos\/\" \/>\n<meta property=\"og:locale\" content=\"fr_FR\" \/>\n<meta property=\"og:type\" content=\"article\" \/>\n<meta property=\"og:title\" content=\"\u00c0 Propos | Indoor Air Quality Ottawa\" \/>\n<meta property=\"og:description\" content=\"Besoin d&#039;un expert-conseil en qualit\u00e9 de l\u2019air? Communiquez avec nous \u00e0 Indoor Air Quality Ottawa pour vous assurer que votre propri\u00e9t\u00e9 est s\u00e9curitaire, confortable et propre :\" \/>\n<meta property=\"og:url\" content=\"https:\/\/indoorairqualityottawa.ca\/fr\/a-propos\/\" \/>\n<meta property=\"og:site_name\" content=\"Indoor Air Quality Ottawa\" \/>\n<meta property=\"article:publisher\" content=\"https:\/\/www.facebook.com\/Indoor-Air-Quality-Ottawa-657903714377013\/\" \/>\n<meta property=\"article:modified_time\" content=\"2021-09-28T14:52:37+00:00\" \/>\n<meta name=\"twitter:card\" content=\"summary_large_image\" \/>\n<meta name=\"twitter:label1\" content=\"Dur\u00e9e de lecture estim\u00e9e\" \/>\n\t<meta name=\"twitter:data1\" content=\"7 minutes\" \/>\n<script type=\"application\/ld+json\" class=\"yoast-schema-graph\">{\"@context\":\"https:\\\/\\\/schema.org\",\"@graph\":[{\"@type\":\"WebPage\",\"@id\":\"https:\\\/\\\/indoorairqualityottawa.ca\\\/fr\\\/a-propos\\\/\",\"url\":\"https:\\\/\\\/indoorairqualityottawa.ca\\\/fr\\\/a-propos\\\/\",\"name\":\"\u00c0 Propos | Indoor Air Quality Ottawa\",\"isPartOf\":{\"@id\":\"https:\\\/\\\/indoorairqualityottawa.ca\\\/fr\\\/#website\"},\"datePublished\":\"2019-06-03T11:47:59+00:00\",\"dateModified\":\"2021-09-28T14:52:37+00:00\",\"description\":\"Besoin d'un expert-conseil en qualit\u00e9 de l\u2019air? Communiquez avec nous \u00e0 Indoor Air Quality Ottawa pour vous assurer que votre propri\u00e9t\u00e9 est s\u00e9curitaire, confortable et propre :\",\"breadcrumb\":{\"@id\":\"https:\\\/\\\/indoorairqualityottawa.ca\\\/fr\\\/a-propos\\\/#breadcrumb\"},\"inLanguage\":\"fr-FR\",\"potentialAction\":[{\"@type\":\"ReadAction\",\"target\":[\"https:\\\/\\\/indoorairqualityottawa.ca\\\/fr\\\/a-propos\\\/\"]}]},{\"@type\":\"BreadcrumbList\",\"@id\":\"https:\\\/\\\/indoorairqualityottawa.ca\\\/fr\\\/a-propos\\\/#breadcrumb\",\"itemListElement\":[{\"@type\":\"ListItem\",\"position\":1,\"name\":\"Indoor Air Quality Ottawa\",\"item\":\"https:\\\/\\\/indoorairqualityottawa.ca\\\/fr\\\/\"},{\"@type\":\"ListItem\",\"position\":2,\"name\":\"\u00c0 Propos\"}]},{\"@type\":\"WebSite\",\"@id\":\"https:\\\/\\\/indoorairqualityottawa.ca\\\/fr\\\/#website\",\"url\":\"https:\\\/\\\/indoorairqualityottawa.ca\\\/fr\\\/\",\"name\":\"Indoor Air Quality Ottawa\",\"description\":\"We Only Sell Good Advice\",\"potentialAction\":[{\"@type\":\"SearchAction\",\"target\":{\"@type\":\"EntryPoint\",\"urlTemplate\":\"https:\\\/\\\/indoorairqualityottawa.ca\\\/fr\\\/?s={search_term_string}\"},\"query-input\":{\"@type\":\"PropertyValueSpecification\",\"valueRequired\":true,\"valueName\":\"search_term_string\"}}],\"inLanguage\":\"fr-FR\"}]}<\/script>\n<!-- \/ Yoast SEO plugin. -->","yoast_head_json":{"title":"\u00c0 Propos | Indoor Air Quality Ottawa","description":"Besoin d'un expert-conseil en qualit\u00e9 de l\u2019air? Communiquez avec nous \u00e0 Indoor Air Quality Ottawa pour vous assurer que votre propri\u00e9t\u00e9 est s\u00e9curitaire, confortable et propre :","robots":{"index":"index","follow":"follow","max-snippet":"max-snippet:-1","max-image-preview":"max-image-preview:large","max-video-preview":"max-video-preview:-1"},"canonical":"https:\/\/indoorairqualityottawa.ca\/fr\/a-propos\/","og_locale":"fr_FR","og_type":"article","og_title":"\u00c0 Propos | Indoor Air Quality Ottawa","og_description":"Besoin d'un expert-conseil en qualit\u00e9 de l\u2019air? Communiquez avec nous \u00e0 Indoor Air Quality Ottawa pour vous assurer que votre propri\u00e9t\u00e9 est s\u00e9curitaire, confortable et propre :","og_url":"https:\/\/indoorairqualityottawa.ca\/fr\/a-propos\/","og_site_name":"Indoor Air Quality Ottawa","article_publisher":"https:\/\/www.facebook.com\/Indoor-Air-Quality-Ottawa-657903714377013\/","article_modified_time":"2021-09-28T14:52:37+00:00","twitter_card":"summary_large_image","twitter_misc":{"Dur\u00e9e de lecture estim\u00e9e":"7 minutes"},"schema":{"@context":"https:\/\/schema.org","@graph":[{"@type":"WebPage","@id":"https:\/\/indoorairqualityottawa.ca\/fr\/a-propos\/","url":"https:\/\/indoorairqualityottawa.ca\/fr\/a-propos\/","name":"\u00c0 Propos | Indoor Air Quality Ottawa","isPartOf":{"@id":"https:\/\/indoorairqualityottawa.ca\/fr\/#website"},"datePublished":"2019-06-03T11:47:59+00:00","dateModified":"2021-09-28T14:52:37+00:00","description":"Besoin d'un expert-conseil en qualit\u00e9 de l\u2019air? Communiquez avec nous \u00e0 Indoor Air Quality Ottawa pour vous assurer que votre propri\u00e9t\u00e9 est s\u00e9curitaire, confortable et propre :","breadcrumb":{"@id":"https:\/\/indoorairqualityottawa.ca\/fr\/a-propos\/#breadcrumb"},"inLanguage":"fr-FR","potentialAction":[{"@type":"ReadAction","target":["https:\/\/indoorairqualityottawa.ca\/fr\/a-propos\/"]}]},{"@type":"BreadcrumbList","@id":"https:\/\/indoorairqualityottawa.ca\/fr\/a-propos\/#breadcrumb","itemListElement":[{"@type":"ListItem","position":1,"name":"Indoor Air Quality Ottawa","item":"https:\/\/indoorairqualityottawa.ca\/fr\/"},{"@type":"ListItem","position":2,"name":"\u00c0 Propos"}]},{"@type":"WebSite","@id":"https:\/\/indoorairqualityottawa.ca\/fr\/#website","url":"https:\/\/indoorairqualityottawa.ca\/fr\/","name":"Indoor Air Quality Ottawa","description":"We Only Sell Good Advice","potentialAction":[{"@type":"SearchAction","target":{"@type":"EntryPoint","urlTemplate":"https:\/\/indoorairqualityottawa.ca\/fr\/?s={search_term_string}"},"query-input":{"@type":"PropertyValueSpecification","valueRequired":true,"valueName":"search_term_string"}}],"inLanguage":"fr-FR"}]}},"_links":{"self":[{"href":"https:\/\/indoorairqualityottawa.ca\/fr\/wp-json\/wp\/v2\/pages\/988","targetHints":{"allow":["GET"]}}],"collection":[{"href":"https:\/\/indoorairqualityottawa.ca\/fr\/wp-json\/wp\/v2\/pages"}],"about":[{"href":"https:\/\/indoorairqualityottawa.ca\/fr\/wp-json\/wp\/v2\/types\/page"}],"author":[{"embeddable":true,"href":"https:\/\/indoorairqualityottawa.ca\/fr\/wp-json\/wp\/v2\/users\/5"}],"replies":[{"embeddable":true,"href":"https:\/\/indoorairqualityottawa.ca\/fr\/wp-json\/wp\/v2\/comments?post=988"}],"version-history":[{"count":0,"href":"https:\/\/indoorairqualityottawa.ca\/fr\/wp-json\/wp\/v2\/pages\/988\/revisions"}],"wp:attachment":[{"href":"https:\/\/indoorairqualityottawa.ca\/fr\/wp-json\/wp\/v2\/media?parent=988"}],"wp:term":[{"taxonomy":"post_tag","embeddable":true,"href":"https:\/\/indoorairqualityottawa.ca\/fr\/wp-json\/wp\/v2\/tags?post=988"}],"curies":[{"name":"wp","href":"https:\/\/api.w.org\/{rel}","templated":true}]}}